{"id":261479,"date":"2024-09-29T12:41:01","date_gmt":"2024-09-29T12:41:01","guid":{"rendered":"https:\/\/irankiuzona.lt\/product\/galvute-ilga-1-4-8mm-6-kampe\/"},"modified":"2026-04-13T05:31:57","modified_gmt":"2026-04-13T05:31:57","slug":"galvute-ilga-1-4-8mm-6-kampe","status":"publish","type":"product","link":"https:\/\/irankiuzona.lt\/ru\/product\/galvute-ilga-1-4-8mm-6-kampe\/","title":{"rendered":"Galvut\u0117 ilga 1\/4&quot; 8mm 6-kamp\u0117"},"content":{"rendered":"","protected":false},"excerpt":{"rendered":"<p>Prailginta 1\/4 galvut\u0117 8mm ilga \u0161e\u0161iakamp\u0117<\/p>","protected":false},"featured_media":261481,"comment_status":"open","ping_status":"open","template":"","meta":[],"product_cat":[9876],"product_tag":[10151],"class_list":{"0":"post-261479","1":"product","2":"type-product","3":"status-publish","4":"has-post-thumbnail","6":"product_brand-lenkija-tiekejas","7":"product_cat-1-4-63-mm-sesiakampes-galvutes","8":"product_tag-lenkija-tiekejas","10":"first","11":"outofstock","12":"purchasable","13":"product-type-simple"},"jetpack_sharing_enabled":true,"_links":{"self":[{"href":"https:\/\/irankiuzona.lt\/ru\/wp-json\/wp\/v2\/product\/261479","targetHints":{"allow":["GET"]}}],"collection":[{"href":"https:\/\/irankiuzona.lt\/ru\/wp-json\/wp\/v2\/product"}],"about":[{"href":"https:\/\/irankiuzona.lt\/ru\/wp-json\/wp\/v2\/types\/product"}],"replies":[{"embeddable":true,"href":"https:\/\/irankiuzona.lt\/ru\/wp-json\/wp\/v2\/comments?post=261479"}],"version-history":[{"count":1,"href":"https:\/\/irankiuzona.lt\/ru\/wp-json\/wp\/v2\/product\/261479\/revisions"}],"predecessor-version":[{"id":422295,"href":"https:\/\/irankiuzona.lt\/ru\/wp-json\/wp\/v2\/product\/261479\/revisions\/422295"}],"wp:featuredmedia":[{"embeddable":true,"href":"https:\/\/irankiuzona.lt\/ru\/wp-json\/wp\/v2\/media\/261481"}],"wp:attachment":[{"href":"https:\/\/irankiuzona.lt\/ru\/wp-json\/wp\/v2\/media?parent=261479"}],"wp:term":[{"taxonomy":"product_cat","embeddable":true,"href":"https:\/\/irankiuzona.lt\/ru\/wp-json\/wp\/v2\/product_cat?post=261479"},{"taxonomy":"product_tag","embeddable":true,"href":"https:\/\/irankiuzona.lt\/ru\/wp-json\/wp\/v2\/product_tag?post=261479"}],"curies":[{"name":"wp","href":"https:\/\/api.w.org\/{rel}","templated":true}]}}