{"id":261565,"date":"2024-09-29T12:50:12","date_gmt":"2024-09-29T12:50:12","guid":{"rendered":"https:\/\/irankiuzona.lt\/product\/akumuliatorinis-kampinis-slifuoklis-20v-125mm\/"},"modified":"2025-06-26T18:30:38","modified_gmt":"2025-06-26T18:30:38","slug":"akumuliatorinis-kampinis-slifuoklis-20v-125mm","status":"publish","type":"product","link":"https:\/\/irankiuzona.lt\/ru\/product\/akumuliatorinis-kampinis-slifuoklis-20v-125mm\/","title":{"rendered":"Akumuliatorinis kampinis \u0161lifuoklis 20V 125mm"},"content":{"rendered":"<p>komplekte 2x 5AH Li-on baterijos + pakrov\u0117jas<\/p>\n<p>\u0160lifavimo disko skersmuo: 5 coli\u0173 (125 mm)Galia: 850W\u0160lifavimo veleno sriegis: M14xP2.0Greitis be apkrovos: 8000 aps.\/min<br \/>\nFiksavimo mygtukas lengvam disko keitimui;\u012ejungimo \/ i\u0161jungimo mygtukas;2 pad\u0117\u010di\u0173 rankena<\/p>","protected":false},"excerpt":{"rendered":"<p>Akumuliatorinis kampinis \u0161lifuoklis 20V 125mm<\/p>","protected":false},"featured_media":261567,"comment_status":"open","ping_status":"open","template":"","meta":[],"product_cat":[9648],"product_tag":[9875],"class_list":{"0":"post-261565","1":"product","2":"type-product","3":"status-publish","4":"has-post-thumbnail","6":"product_brand-mighty-seven-m7","7":"product_cat-kampiniai-slifuokliai","8":"product_tag-mighty-seven-m7","10":"first","11":"instock","12":"purchasable","13":"product-type-simple"},"jetpack_sharing_enabled":true,"_links":{"self":[{"href":"https:\/\/irankiuzona.lt\/ru\/wp-json\/wp\/v2\/product\/261565","targetHints":{"allow":["GET"]}}],"collection":[{"href":"https:\/\/irankiuzona.lt\/ru\/wp-json\/wp\/v2\/product"}],"about":[{"href":"https:\/\/irankiuzona.lt\/ru\/wp-json\/wp\/v2\/types\/product"}],"replies":[{"embeddable":true,"href":"https:\/\/irankiuzona.lt\/ru\/wp-json\/wp\/v2\/comments?post=261565"}],"version-history":[{"count":0,"href":"https:\/\/irankiuzona.lt\/ru\/wp-json\/wp\/v2\/product\/261565\/revisions"}],"wp:featuredmedia":[{"embeddable":true,"href":"https:\/\/irankiuzona.lt\/ru\/wp-json\/wp\/v2\/media\/261567"}],"wp:attachment":[{"href":"https:\/\/irankiuzona.lt\/ru\/wp-json\/wp\/v2\/media?parent=261565"}],"wp:term":[{"taxonomy":"product_cat","embeddable":true,"href":"https:\/\/irankiuzona.lt\/ru\/wp-json\/wp\/v2\/product_cat?post=261565"},{"taxonomy":"product_tag","embeddable":true,"href":"https:\/\/irankiuzona.lt\/ru\/wp-json\/wp\/v2\/product_tag?post=261565"}],"curies":[{"name":"wp","href":"https:\/\/api.w.org\/{rel}","templated":true}]}}