{"id":261871,"date":"2024-09-29T12:50:43","date_gmt":"2024-09-29T12:50:43","guid":{"rendered":"https:\/\/irankiuzona.lt\/product\/sepetys-purkstuku-lizdams-zalvarinis-25mm\/"},"modified":"2026-04-15T02:29:00","modified_gmt":"2026-04-15T02:29:00","slug":"sepetys-purkstuku-lizdams-zalvarinis-25mm","status":"publish","type":"product","link":"https:\/\/irankiuzona.lt\/ru\/product\/sepetys-purkstuku-lizdams-zalvarinis-25mm\/","title":{"rendered":"\u0160epetys purk\u0161tuk\u0173 lizdams \u017ealvarinis 25mm"},"content":{"rendered":"<p>Specialiai pagamintas \u0161epetys anglies nuos\u0117doms valyti nuo lizdo vidini\u0173 \u0161onini\u0173 sieneli\u0173.<br \/>\n\u0160epetys turi ranken\u0117l\u0119, kuri\u0105 galima montuoti \u012f gr\u0105\u017et\u0105.<\/p>","protected":false},"excerpt":{"rendered":"<p>\u0160epetys purk\u0161tuk\u0173 lizdams \u017ealvarinis 25mm<\/p>","protected":false},"featured_media":261873,"comment_status":"open","ping_status":"open","template":"","meta":[],"product_cat":[9673],"product_tag":[10130],"class_list":{"0":"post-261871","1":"product","2":"type-product","3":"status-publish","4":"has-post-thumbnail","6":"product_brand-satra-lenkija","7":"product_cat-sepeciai-purkstukams","8":"product_tag-satra-lenkija","10":"first","11":"outofstock","12":"purchasable","13":"product-type-simple"},"jetpack_sharing_enabled":true,"_links":{"self":[{"href":"https:\/\/irankiuzona.lt\/ru\/wp-json\/wp\/v2\/product\/261871","targetHints":{"allow":["GET"]}}],"collection":[{"href":"https:\/\/irankiuzona.lt\/ru\/wp-json\/wp\/v2\/product"}],"about":[{"href":"https:\/\/irankiuzona.lt\/ru\/wp-json\/wp\/v2\/types\/product"}],"replies":[{"embeddable":true,"href":"https:\/\/irankiuzona.lt\/ru\/wp-json\/wp\/v2\/comments?post=261871"}],"version-history":[{"count":1,"href":"https:\/\/irankiuzona.lt\/ru\/wp-json\/wp\/v2\/product\/261871\/revisions"}],"predecessor-version":[{"id":422418,"href":"https:\/\/irankiuzona.lt\/ru\/wp-json\/wp\/v2\/product\/261871\/revisions\/422418"}],"wp:featuredmedia":[{"embeddable":true,"href":"https:\/\/irankiuzona.lt\/ru\/wp-json\/wp\/v2\/media\/261873"}],"wp:attachment":[{"href":"https:\/\/irankiuzona.lt\/ru\/wp-json\/wp\/v2\/media?parent=261871"}],"wp:term":[{"taxonomy":"product_cat","embeddable":true,"href":"https:\/\/irankiuzona.lt\/ru\/wp-json\/wp\/v2\/product_cat?post=261871"},{"taxonomy":"product_tag","embeddable":true,"href":"https:\/\/irankiuzona.lt\/ru\/wp-json\/wp\/v2\/product_tag?post=261871"}],"curies":[{"name":"wp","href":"https:\/\/api.w.org\/{rel}","templated":true}]}}