{"id":261877,"date":"2024-09-29T12:50:43","date_gmt":"2024-09-29T12:50:43","guid":{"rendered":"https:\/\/irankiuzona.lt\/product\/dyz-purkstuku-istraukimo-komplektas-su-atbuliniu-plaktuku3\/"},"modified":"2026-04-15T02:29:01","modified_gmt":"2026-04-15T02:29:01","slug":"dyz-purkstuku-istraukimo-komplektas-su-atbuliniu-plaktuku3","status":"publish","type":"product","link":"https:\/\/irankiuzona.lt\/ru\/product\/dyz-purkstuku-istraukimo-komplektas-su-atbuliniu-plaktuku3\/","title":{"rendered":"Dyz. purk\u0161tuk\u0173 i\u0161traukimo komplektas su atbuliniu plaktuku*3"},"content":{"rendered":"<p>Common Rail rinkinys Mercedes-Benz CDI varikliams tinka serijai OM611 OM612 OM613 (97 -2006),<br \/>\n1 x sm\u016bginis\u00a0atbulinis plaktukas,<br \/>\n1 x purk\u0161tuko adapteris,<br \/>\n1 x adapteris su vidiniu sriegiu, skirtas tiesiogiai montuoti ant purk\u0161tuko<\/p>","protected":false},"excerpt":{"rendered":"<p>Dyz. purk\u0161tuk\u0173 i\u0161traukimo komplektas su atbuliniu plaktuku*3<\/p>","protected":false},"featured_media":261879,"comment_status":"open","ping_status":"open","template":"","meta":[],"product_cat":[9701],"product_tag":[10130],"class_list":{"0":"post-261877","1":"product","2":"type-product","3":"status-publish","4":"has-post-thumbnail","6":"product_brand-satra-lenkija","7":"product_cat-purkstuku-istraukimui","8":"product_tag-satra-lenkija","10":"first","11":"instock","12":"purchasable","13":"product-type-simple"},"jetpack_sharing_enabled":true,"_links":{"self":[{"href":"https:\/\/irankiuzona.lt\/ru\/wp-json\/wp\/v2\/product\/261877","targetHints":{"allow":["GET"]}}],"collection":[{"href":"https:\/\/irankiuzona.lt\/ru\/wp-json\/wp\/v2\/product"}],"about":[{"href":"https:\/\/irankiuzona.lt\/ru\/wp-json\/wp\/v2\/types\/product"}],"replies":[{"embeddable":true,"href":"https:\/\/irankiuzona.lt\/ru\/wp-json\/wp\/v2\/comments?post=261877"}],"version-history":[{"count":1,"href":"https:\/\/irankiuzona.lt\/ru\/wp-json\/wp\/v2\/product\/261877\/revisions"}],"predecessor-version":[{"id":422420,"href":"https:\/\/irankiuzona.lt\/ru\/wp-json\/wp\/v2\/product\/261877\/revisions\/422420"}],"wp:featuredmedia":[{"embeddable":true,"href":"https:\/\/irankiuzona.lt\/ru\/wp-json\/wp\/v2\/media\/261879"}],"wp:attachment":[{"href":"https:\/\/irankiuzona.lt\/ru\/wp-json\/wp\/v2\/media?parent=261877"}],"wp:term":[{"taxonomy":"product_cat","embeddable":true,"href":"https:\/\/irankiuzona.lt\/ru\/wp-json\/wp\/v2\/product_cat?post=261877"},{"taxonomy":"product_tag","embeddable":true,"href":"https:\/\/irankiuzona.lt\/ru\/wp-json\/wp\/v2\/product_tag?post=261877"}],"curies":[{"name":"wp","href":"https:\/\/api.w.org\/{rel}","templated":true}]}}