{"id":261883,"date":"2024-09-29T12:50:44","date_gmt":"2024-09-29T12:50:44","guid":{"rendered":"https:\/\/irankiuzona.lt\/product\/kaisciai-automobilio-apdailai-mitsubishi-370vnt\/"},"modified":"2026-04-12T07:24:34","modified_gmt":"2026-04-12T07:24:34","slug":"kaisciai-automobilio-apdailai-mitsubishi-370vnt","status":"publish","type":"product","link":"https:\/\/irankiuzona.lt\/ru\/product\/kaisciai-automobilio-apdailai-mitsubishi-370vnt\/","title":{"rendered":"Kai\u0161\u010diai automobilio apdailai MITSUBISHI 370vnt."},"content":{"rendered":"","protected":false},"excerpt":{"rendered":"<p>Kai\u0161\u010diai automobilio apdailai MITSUBISHI 370vnt.<\/p>","protected":false},"featured_media":261885,"comment_status":"open","ping_status":"open","template":"","meta":[],"product_cat":[9438],"product_tag":[10131],"class_list":{"0":"post-261883","1":"product","2":"type-product","3":"status-publish","4":"has-post-thumbnail","6":"product_brand-asta-lenkija","7":"product_cat-tarpines-savarzos-smeiges-kaisciai-ir-kiti-rinkiniai","8":"product_tag-asta-lenkija","10":"first","11":"instock","12":"purchasable","13":"product-type-simple"},"jetpack_sharing_enabled":true,"_links":{"self":[{"href":"https:\/\/irankiuzona.lt\/ru\/wp-json\/wp\/v2\/product\/261883","targetHints":{"allow":["GET"]}}],"collection":[{"href":"https:\/\/irankiuzona.lt\/ru\/wp-json\/wp\/v2\/product"}],"about":[{"href":"https:\/\/irankiuzona.lt\/ru\/wp-json\/wp\/v2\/types\/product"}],"replies":[{"embeddable":true,"href":"https:\/\/irankiuzona.lt\/ru\/wp-json\/wp\/v2\/comments?post=261883"}],"version-history":[{"count":1,"href":"https:\/\/irankiuzona.lt\/ru\/wp-json\/wp\/v2\/product\/261883\/revisions"}],"predecessor-version":[{"id":422422,"href":"https:\/\/irankiuzona.lt\/ru\/wp-json\/wp\/v2\/product\/261883\/revisions\/422422"}],"wp:featuredmedia":[{"embeddable":true,"href":"https:\/\/irankiuzona.lt\/ru\/wp-json\/wp\/v2\/media\/261885"}],"wp:attachment":[{"href":"https:\/\/irankiuzona.lt\/ru\/wp-json\/wp\/v2\/media?parent=261883"}],"wp:term":[{"taxonomy":"product_cat","embeddable":true,"href":"https:\/\/irankiuzona.lt\/ru\/wp-json\/wp\/v2\/product_cat?post=261883"},{"taxonomy":"product_tag","embeddable":true,"href":"https:\/\/irankiuzona.lt\/ru\/wp-json\/wp\/v2\/product_tag?post=261883"}],"curies":[{"name":"wp","href":"https:\/\/api.w.org\/{rel}","templated":true}]}}