{"id":261895,"date":"2024-09-29T12:50:45","date_gmt":"2024-09-29T12:50:45","guid":{"rendered":"https:\/\/irankiuzona.lt\/product\/rankine-pompa-skysciams-600-ml\/"},"modified":"2026-05-09T10:12:54","modified_gmt":"2026-05-09T10:12:54","slug":"rankine-pompa-skysciams-600-ml","status":"publish","type":"product","link":"https:\/\/irankiuzona.lt\/ru\/product\/rankine-pompa-skysciams-600-ml\/","title":{"rendered":"Rankin\u0117 pompa skys\u010diams 600 ml"},"content":{"rendered":"<p>Maksimalus sl\u0117gis 413 bar\u0173<br \/>\nSriegis M10x1<br \/>\nTalpa (ml) 600<br \/>\nSvoris (kg) 1,5<\/p>","protected":false},"excerpt":{"rendered":"<p>Rankin\u0117 pompa skys\u010diams 600 ml<\/p>","protected":false},"featured_media":261897,"comment_status":"open","ping_status":"open","template":"","meta":[],"product_cat":[9571],"product_tag":[10130],"class_list":{"0":"post-261895","1":"product","2":"type-product","3":"status-publish","4":"has-post-thumbnail","6":"product_brand-satra-lenkija","7":"product_cat-pompos-alyvai-degalams-sifonai","8":"product_tag-satra-lenkija","10":"first","11":"instock","12":"purchasable","13":"product-type-simple"},"jetpack_sharing_enabled":true,"_links":{"self":[{"href":"https:\/\/irankiuzona.lt\/ru\/wp-json\/wp\/v2\/product\/261895","targetHints":{"allow":["GET"]}}],"collection":[{"href":"https:\/\/irankiuzona.lt\/ru\/wp-json\/wp\/v2\/product"}],"about":[{"href":"https:\/\/irankiuzona.lt\/ru\/wp-json\/wp\/v2\/types\/product"}],"replies":[{"embeddable":true,"href":"https:\/\/irankiuzona.lt\/ru\/wp-json\/wp\/v2\/comments?post=261895"}],"version-history":[{"count":1,"href":"https:\/\/irankiuzona.lt\/ru\/wp-json\/wp\/v2\/product\/261895\/revisions"}],"predecessor-version":[{"id":422426,"href":"https:\/\/irankiuzona.lt\/ru\/wp-json\/wp\/v2\/product\/261895\/revisions\/422426"}],"wp:featuredmedia":[{"embeddable":true,"href":"https:\/\/irankiuzona.lt\/ru\/wp-json\/wp\/v2\/media\/261897"}],"wp:attachment":[{"href":"https:\/\/irankiuzona.lt\/ru\/wp-json\/wp\/v2\/media?parent=261895"}],"wp:term":[{"taxonomy":"product_cat","embeddable":true,"href":"https:\/\/irankiuzona.lt\/ru\/wp-json\/wp\/v2\/product_cat?post=261895"},{"taxonomy":"product_tag","embeddable":true,"href":"https:\/\/irankiuzona.lt\/ru\/wp-json\/wp\/v2\/product_tag?post=261895"}],"curies":[{"name":"wp","href":"https:\/\/api.w.org\/{rel}","templated":true}]}}