{"id":261910,"date":"2024-09-29T12:50:47","date_gmt":"2024-09-29T12:50:47","guid":{"rendered":"https:\/\/irankiuzona.lt\/product\/leksteles-tepalo-filtrui-30vnt-2\/"},"modified":"2026-04-13T06:31:00","modified_gmt":"2026-04-13T06:31:00","slug":"leksteles-tepalo-filtrui-30vnt-2","status":"publish","type":"product","link":"https:\/\/irankiuzona.lt\/ru\/product\/leksteles-tepalo-filtrui-30vnt-2\/","title":{"rendered":"L\u0117k\u0161tel\u0117s tepalo filtrui 30vnt."},"content":{"rendered":"<p>Mazda, Toyota, GM, Lexus, Isuzu, Mercedes-Benz, Opel, Volvo, Porshe, Renault, Ford, Honda, Audi, VW<\/p>\n<p>Dyd\u017eiai :<br \/>\n6 kamp\u0173: 66mm<br \/>\n8 kamp\u0173: 76mm<br \/>\n10 kamp\u0173: 92mm<br \/>\n12 kamp\u0173: 76mm<br \/>\n14 kamp\u0173: 66; 65-67; 68; 73; 76mm<br \/>\n15 kamp\u0173: 74; 74-76; 75-77; 78; 80; 80-82; 90; 93; 95;| 100; 106; 108;<br \/>\n16 kamp\u0173: 86mm<br \/>\n18 kamp\u0173: 86; 96; 108mm 30 angle: 76mm<br \/>\n36 kamp\u0173: 93mm<br \/>\n45 kamp\u0173: 93mm<\/p>","protected":false},"excerpt":{"rendered":"<p>L\u0117k\u0161tel\u0117s tepalo filtrui 30vnt.<\/p>","protected":false},"featured_media":261912,"comment_status":"open","ping_status":"open","template":"","meta":[],"product_cat":[9547],"product_tag":[10130],"class_list":{"0":"post-261910","1":"product","2":"type-product","3":"status-publish","4":"has-post-thumbnail","6":"product_brand-satra-lenkija","7":"product_cat-galvu-komplektai-tepalo-filtrams","8":"product_tag-satra-lenkija","10":"first","11":"instock","12":"purchasable","13":"product-type-simple"},"jetpack_sharing_enabled":true,"_links":{"self":[{"href":"https:\/\/irankiuzona.lt\/ru\/wp-json\/wp\/v2\/product\/261910","targetHints":{"allow":["GET"]}}],"collection":[{"href":"https:\/\/irankiuzona.lt\/ru\/wp-json\/wp\/v2\/product"}],"about":[{"href":"https:\/\/irankiuzona.lt\/ru\/wp-json\/wp\/v2\/types\/product"}],"replies":[{"embeddable":true,"href":"https:\/\/irankiuzona.lt\/ru\/wp-json\/wp\/v2\/comments?post=261910"}],"version-history":[{"count":1,"href":"https:\/\/irankiuzona.lt\/ru\/wp-json\/wp\/v2\/product\/261910\/revisions"}],"predecessor-version":[{"id":422431,"href":"https:\/\/irankiuzona.lt\/ru\/wp-json\/wp\/v2\/product\/261910\/revisions\/422431"}],"wp:featuredmedia":[{"embeddable":true,"href":"https:\/\/irankiuzona.lt\/ru\/wp-json\/wp\/v2\/media\/261912"}],"wp:attachment":[{"href":"https:\/\/irankiuzona.lt\/ru\/wp-json\/wp\/v2\/media?parent=261910"}],"wp:term":[{"taxonomy":"product_cat","embeddable":true,"href":"https:\/\/irankiuzona.lt\/ru\/wp-json\/wp\/v2\/product_cat?post=261910"},{"taxonomy":"product_tag","embeddable":true,"href":"https:\/\/irankiuzona.lt\/ru\/wp-json\/wp\/v2\/product_tag?post=261910"}],"curies":[{"name":"wp","href":"https:\/\/api.w.org\/{rel}","templated":true}]}}