{"id":262035,"date":"2024-09-29T12:51:01","date_gmt":"2024-09-29T12:51:01","guid":{"rendered":"https:\/\/irankiuzona.lt\/product\/smugine-galvute-1-2-ilga-12mm-12-kampe-2\/"},"modified":"2026-04-15T08:23:21","modified_gmt":"2026-04-15T08:23:21","slug":"smugine-galvute-1-2-ilga-12mm-12-kampe-2","status":"publish","type":"product","link":"https:\/\/irankiuzona.lt\/ru\/product\/smugine-galvute-1-2-ilga-12mm-12-kampe-2\/","title":{"rendered":"Sm\u016bgin\u0117 galvut\u0117 1\/2 ilga 12mm 12-kamp\u0117"},"content":{"rendered":"","protected":false},"excerpt":{"rendered":"<p>Sm\u016bgin\u0117 galvut\u0117 1\/2 ilga 12mm 12-kamp\u0117<\/p>","protected":false},"featured_media":262037,"comment_status":"open","ping_status":"open","template":"","meta":[],"product_cat":[9595],"product_tag":[10131],"class_list":{"0":"post-262035","1":"product","2":"type-product","3":"status-publish","4":"has-post-thumbnail","6":"product_brand-asta-lenkija","7":"product_cat-ilgos-smugines-dvylikakampes-galvutes","8":"product_tag-asta-lenkija","10":"first","11":"outofstock","12":"purchasable","13":"product-type-simple"},"jetpack_sharing_enabled":true,"_links":{"self":[{"href":"https:\/\/irankiuzona.lt\/ru\/wp-json\/wp\/v2\/product\/262035","targetHints":{"allow":["GET"]}}],"collection":[{"href":"https:\/\/irankiuzona.lt\/ru\/wp-json\/wp\/v2\/product"}],"about":[{"href":"https:\/\/irankiuzona.lt\/ru\/wp-json\/wp\/v2\/types\/product"}],"replies":[{"embeddable":true,"href":"https:\/\/irankiuzona.lt\/ru\/wp-json\/wp\/v2\/comments?post=262035"}],"version-history":[{"count":1,"href":"https:\/\/irankiuzona.lt\/ru\/wp-json\/wp\/v2\/product\/262035\/revisions"}],"predecessor-version":[{"id":422473,"href":"https:\/\/irankiuzona.lt\/ru\/wp-json\/wp\/v2\/product\/262035\/revisions\/422473"}],"wp:featuredmedia":[{"embeddable":true,"href":"https:\/\/irankiuzona.lt\/ru\/wp-json\/wp\/v2\/media\/262037"}],"wp:attachment":[{"href":"https:\/\/irankiuzona.lt\/ru\/wp-json\/wp\/v2\/media?parent=262035"}],"wp:term":[{"taxonomy":"product_cat","embeddable":true,"href":"https:\/\/irankiuzona.lt\/ru\/wp-json\/wp\/v2\/product_cat?post=262035"},{"taxonomy":"product_tag","embeddable":true,"href":"https:\/\/irankiuzona.lt\/ru\/wp-json\/wp\/v2\/product_tag?post=262035"}],"curies":[{"name":"wp","href":"https:\/\/api.w.org\/{rel}","templated":true}]}}