{"id":262085,"date":"2024-09-29T13:00:11","date_gmt":"2024-09-29T13:00:11","guid":{"rendered":"https:\/\/irankiuzona.lt\/product\/smuginiu-galvuciu-komplektas-3-4-6k-24-38mm-8vnt\/"},"modified":"2026-05-14T19:47:16","modified_gmt":"2026-05-14T19:47:16","slug":"smuginiu-galvuciu-komplektas-3-4-6k-24-38mm-8vnt","status":"publish","type":"product","link":"https:\/\/irankiuzona.lt\/ru\/product\/smuginiu-galvuciu-komplektas-3-4-6k-24-38mm-8vnt\/","title":{"rendered":"Sm\u016bgini\u0173 galvu\u010di\u0173 komplektas 3\/4&quot; 6k. 24-38mm 8vnt."},"content":{"rendered":"<p>24, 27, 29, 30, 32, 35, 36, 38 mm<\/p>","protected":false},"excerpt":{"rendered":"<p>Sm\u016bgini\u0173 galvu\u010di\u0173 komplektas 3\/4&quot; 6k. 24-38mm 8vnt.<\/p>","protected":false},"featured_media":262087,"comment_status":"open","ping_status":"open","template":"","meta":[],"product_cat":[9499],"product_tag":[10151],"class_list":{"0":"post-262085","1":"product","2":"type-product","3":"status-publish","4":"has-post-thumbnail","6":"product_brand-lenkija-tiekejas","7":"product_cat-smuginiu-galvuciu-komplektai","8":"product_tag-lenkija-tiekejas","10":"first","11":"instock","12":"purchasable","13":"product-type-simple"},"jetpack_sharing_enabled":true,"_links":{"self":[{"href":"https:\/\/irankiuzona.lt\/ru\/wp-json\/wp\/v2\/product\/262085","targetHints":{"allow":["GET"]}}],"collection":[{"href":"https:\/\/irankiuzona.lt\/ru\/wp-json\/wp\/v2\/product"}],"about":[{"href":"https:\/\/irankiuzona.lt\/ru\/wp-json\/wp\/v2\/types\/product"}],"replies":[{"embeddable":true,"href":"https:\/\/irankiuzona.lt\/ru\/wp-json\/wp\/v2\/comments?post=262085"}],"version-history":[{"count":1,"href":"https:\/\/irankiuzona.lt\/ru\/wp-json\/wp\/v2\/product\/262085\/revisions"}],"predecessor-version":[{"id":422490,"href":"https:\/\/irankiuzona.lt\/ru\/wp-json\/wp\/v2\/product\/262085\/revisions\/422490"}],"wp:featuredmedia":[{"embeddable":true,"href":"https:\/\/irankiuzona.lt\/ru\/wp-json\/wp\/v2\/media\/262087"}],"wp:attachment":[{"href":"https:\/\/irankiuzona.lt\/ru\/wp-json\/wp\/v2\/media?parent=262085"}],"wp:term":[{"taxonomy":"product_cat","embeddable":true,"href":"https:\/\/irankiuzona.lt\/ru\/wp-json\/wp\/v2\/product_cat?post=262085"},{"taxonomy":"product_tag","embeddable":true,"href":"https:\/\/irankiuzona.lt\/ru\/wp-json\/wp\/v2\/product_tag?post=262085"}],"curies":[{"name":"wp","href":"https:\/\/api.w.org\/{rel}","templated":true}]}}