{"id":262207,"date":"2024-09-29T13:00:22","date_gmt":"2024-09-29T13:00:22","guid":{"rendered":"https:\/\/irankiuzona.lt\/product\/juodos-nitrilines-pirstines-full-grip-n85-bxl-50vnt\/"},"modified":"2026-05-16T17:06:29","modified_gmt":"2026-05-16T17:06:29","slug":"juodos-nitrilines-pirstines-full-grip-n85-bxl-50vnt","status":"publish","type":"product","link":"https:\/\/irankiuzona.lt\/ru\/product\/juodos-nitrilines-pirstines-full-grip-n85-bxl-50vnt\/","title":{"rendered":"Juodos nitrilin\u0117s pir\u0161tin\u0117s FULL GRIP N85\/BXL 50vnt."},"content":{"rendered":"<p>JUODOS\u00a0NITRILIN\u0116S PIR\u0160TIN\u0116S REFLEXX FULL GRIP | HEAVY DUTY N85\/XL <\/p>\n<p>FULL GRIP: speciali tekst\u016bra (abiejose pus\u0117se) &#8211; sukibimas per vis\u0105 deln\u0105 ir pir\u0161tus.<\/p>\n<p>HEAVY DUTY: d\u0117l specialios 3D tekst\u016bros ir didelio svorio pir\u0161tin\u0117s tinka intensyviam naudojimui. Ypa\u010d tinka naudoti mechanikoje ir automobili\u0173 pramon\u0117je.<\/p>\n<p>PPE Cat. 3 &#8211; taip pat tinka apsaugai nuo chemini\u0173 med\u017eiag\u0173 ir mikroorganizm\u0173 (reg EU 2016\/425):<\/p>\n<p>EN ISO 374-1:2016 \/ B TIPAS: sertifikuota 3 chemin\u0117mis med\u017eiagomis.<br \/>\nEN ISO 374-5:2016 VIRUSAI: apsaugai nuo bakterij\u0173, grybeli\u0173 virus\u0173.<\/p>\n<p>FCM tinka s\u0105ly\u010diui su \u012fvairi\u0173 r\u016b\u0161i\u0173 maistu (pagal direktyv\u0105 2002\/72\/EEB, ES Reg.10\/2011 ir v\u0117lesnius atnaujinimus). <\/p>\n<p>Milteli\u0173 nebuvimas suma\u017eina dermatito ir u\u017eter\u0161imo rizik\u0105.<\/p>\n<p>100% be latekso.<\/p>\n<p>Ilgis 280mm.<\/p>\n<p>Storis 0,20mm.<\/p>\n<p>Svoris 8,4 gr.<\/p>\n<p>Dydis XL (10).<\/p>\n<p>Spalva \u2013 JUODA.<\/p>\n<p>Kiekis pakuot\u0117je 50 vnt.<\/p>\n<p>Pakuot\u0117s matmenys 240x130x70mm<\/p>\n<p>Pakuot\u0117s svoris (50vnt) 0,5 kg<\/p>","protected":false},"excerpt":{"rendered":"<p>Juodos nitrilin\u0117s pir\u0161tin\u0117s FULL GRIP N85\/BXL 50vnt.<\/p>","protected":false},"featured_media":262209,"comment_status":"open","ping_status":"open","template":"","meta":[],"product_cat":[9796],"product_tag":[],"class_list":{"0":"post-262207","1":"product","2":"type-product","3":"status-publish","4":"has-post-thumbnail","6":"product_cat-vienkartines-darbo-pirstines","8":"first","9":"instock","10":"purchasable","11":"product-type-simple"},"jetpack_sharing_enabled":true,"_links":{"self":[{"href":"https:\/\/irankiuzona.lt\/ru\/wp-json\/wp\/v2\/product\/262207","targetHints":{"allow":["GET"]}}],"collection":[{"href":"https:\/\/irankiuzona.lt\/ru\/wp-json\/wp\/v2\/product"}],"about":[{"href":"https:\/\/irankiuzona.lt\/ru\/wp-json\/wp\/v2\/types\/product"}],"replies":[{"embeddable":true,"href":"https:\/\/irankiuzona.lt\/ru\/wp-json\/wp\/v2\/comments?post=262207"}],"version-history":[{"count":1,"href":"https:\/\/irankiuzona.lt\/ru\/wp-json\/wp\/v2\/product\/262207\/revisions"}],"predecessor-version":[{"id":422529,"href":"https:\/\/irankiuzona.lt\/ru\/wp-json\/wp\/v2\/product\/262207\/revisions\/422529"}],"wp:featuredmedia":[{"embeddable":true,"href":"https:\/\/irankiuzona.lt\/ru\/wp-json\/wp\/v2\/media\/262209"}],"wp:attachment":[{"href":"https:\/\/irankiuzona.lt\/ru\/wp-json\/wp\/v2\/media?parent=262207"}],"wp:term":[{"taxonomy":"product_cat","embeddable":true,"href":"https:\/\/irankiuzona.lt\/ru\/wp-json\/wp\/v2\/product_cat?post=262207"},{"taxonomy":"product_tag","embeddable":true,"href":"https:\/\/irankiuzona.lt\/ru\/wp-json\/wp\/v2\/product_tag?post=262207"}],"curies":[{"name":"wp","href":"https:\/\/api.w.org\/{rel}","templated":true}]}}