{"id":262210,"date":"2024-09-29T13:00:22","date_gmt":"2024-09-29T13:00:22","guid":{"rendered":"https:\/\/irankiuzona.lt\/product\/grandines-itempejas-428-530-grandinems\/"},"modified":"2026-05-16T18:13:48","modified_gmt":"2026-05-16T18:13:48","slug":"grandines-itempejas-428-530-grandinems","status":"publish","type":"product","link":"https:\/\/irankiuzona.lt\/ru\/product\/grandines-itempejas-428-530-grandinems\/","title":{"rendered":"Grandin\u0117s \u012ftemp\u0117jas 428-530 grandin\u0117ms"},"content":{"rendered":"<p>Traukiklis\/\u012ftempiklis, skirtas nuimti ir pakeisti grandin\u0117s jungtisTinka \u012fvairioms motocikl\u0173 ir automobili\u0173 grandin\u0117msDyd\u017eiai: 428\/520\/525\/528\/530<\/p>","protected":false},"excerpt":{"rendered":"<p>Grandin\u0117s \u012ftemp\u0117jas 428-520-525-528-530 grandin\u0117ms<\/p>","protected":false},"featured_media":262212,"comment_status":"open","ping_status":"open","template":"","meta":[],"product_cat":[9704],"product_tag":[9435],"class_list":{"0":"post-262210","1":"product","2":"type-product","3":"status-publish","4":"has-post-thumbnail","6":"product_brand-kinija","7":"product_cat-grandines-sujungimo-atskyrimo-komplektai","8":"product_tag-kinija","10":"first","11":"instock","12":"purchasable","13":"product-type-simple"},"jetpack_sharing_enabled":true,"_links":{"self":[{"href":"https:\/\/irankiuzona.lt\/ru\/wp-json\/wp\/v2\/product\/262210","targetHints":{"allow":["GET"]}}],"collection":[{"href":"https:\/\/irankiuzona.lt\/ru\/wp-json\/wp\/v2\/product"}],"about":[{"href":"https:\/\/irankiuzona.lt\/ru\/wp-json\/wp\/v2\/types\/product"}],"replies":[{"embeddable":true,"href":"https:\/\/irankiuzona.lt\/ru\/wp-json\/wp\/v2\/comments?post=262210"}],"version-history":[{"count":1,"href":"https:\/\/irankiuzona.lt\/ru\/wp-json\/wp\/v2\/product\/262210\/revisions"}],"predecessor-version":[{"id":422530,"href":"https:\/\/irankiuzona.lt\/ru\/wp-json\/wp\/v2\/product\/262210\/revisions\/422530"}],"wp:featuredmedia":[{"embeddable":true,"href":"https:\/\/irankiuzona.lt\/ru\/wp-json\/wp\/v2\/media\/262212"}],"wp:attachment":[{"href":"https:\/\/irankiuzona.lt\/ru\/wp-json\/wp\/v2\/media?parent=262210"}],"wp:term":[{"taxonomy":"product_cat","embeddable":true,"href":"https:\/\/irankiuzona.lt\/ru\/wp-json\/wp\/v2\/product_cat?post=262210"},{"taxonomy":"product_tag","embeddable":true,"href":"https:\/\/irankiuzona.lt\/ru\/wp-json\/wp\/v2\/product_tag?post=262210"}],"curies":[{"name":"wp","href":"https:\/\/api.w.org\/{rel}","templated":true}]}}