{"id":262234,"date":"2024-09-29T13:00:25","date_gmt":"2024-09-29T13:00:25","guid":{"rendered":"https:\/\/irankiuzona.lt\/product\/karterio-varztu-remomto-komplektas-114daliu\/"},"modified":"2026-04-13T08:43:52","modified_gmt":"2026-04-13T08:43:52","slug":"karterio-varztu-remomto-komplektas-114daliu","status":"publish","type":"product","link":"https:\/\/irankiuzona.lt\/ru\/product\/karterio-varztu-remomto-komplektas-114daliu\/","title":{"rendered":"Karterio var\u017et\u0173 remomto komplektas 114dali\u0173"},"content":{"rendered":"<p>\u2022 1x M13 x 1,25\u00a0\u2022 1x M13 x 1,5\u00a0\u2022 1x M15 x 1,5\u00a0\u2022 1x M17 x 1,5\u00a0\u2022 1x M20 x 1,5\u00a0\u2022 1x M22 x 1,5\u00a0\u2022 6x ki\u0161tukai M13 x 1,25\u2022 6x ki\u0161tukai M13 x 1,5\u2022 6x ki\u0161tukai M15 x 1,5\u2022 6x ki\u0161tukai M17 x 1,5\u2022 6x ki\u0161tukai M20 x 1,5\u2022 6x ki\u0161tukai M22 x 1,5\u2022 24x M13 aliuminio pover\u017el\u0117s\u2022 12x M15 aliuminio pover\u017el\u0117s\u2022 12x M17 aliuminio pover\u017el\u0117s\u2022 12x M20 aliuminio pover\u017el\u0117s\u2022 12x M22 aliuminio pover\u017el\u0117s<\/p>","protected":false},"excerpt":{"rendered":"<p>Karterio var\u017et\u0173 remomto komplektas 114dali\u0173<\/p>","protected":false},"featured_media":262236,"comment_status":"open","ping_status":"open","template":"","meta":[],"product_cat":[9655],"product_tag":[10151],"class_list":{"0":"post-262234","1":"product","2":"type-product","3":"status-publish","4":"has-post-thumbnail","6":"product_brand-lenkija-tiekejas","7":"product_cat-sugadintam-karterio-sriegiui","8":"product_tag-lenkija-tiekejas","10":"first","11":"outofstock","12":"purchasable","13":"product-type-simple"},"jetpack_sharing_enabled":true,"_links":{"self":[{"href":"https:\/\/irankiuzona.lt\/ru\/wp-json\/wp\/v2\/product\/262234","targetHints":{"allow":["GET"]}}],"collection":[{"href":"https:\/\/irankiuzona.lt\/ru\/wp-json\/wp\/v2\/product"}],"about":[{"href":"https:\/\/irankiuzona.lt\/ru\/wp-json\/wp\/v2\/types\/product"}],"replies":[{"embeddable":true,"href":"https:\/\/irankiuzona.lt\/ru\/wp-json\/wp\/v2\/comments?post=262234"}],"version-history":[{"count":1,"href":"https:\/\/irankiuzona.lt\/ru\/wp-json\/wp\/v2\/product\/262234\/revisions"}],"predecessor-version":[{"id":422538,"href":"https:\/\/irankiuzona.lt\/ru\/wp-json\/wp\/v2\/product\/262234\/revisions\/422538"}],"wp:featuredmedia":[{"embeddable":true,"href":"https:\/\/irankiuzona.lt\/ru\/wp-json\/wp\/v2\/media\/262236"}],"wp:attachment":[{"href":"https:\/\/irankiuzona.lt\/ru\/wp-json\/wp\/v2\/media?parent=262234"}],"wp:term":[{"taxonomy":"product_cat","embeddable":true,"href":"https:\/\/irankiuzona.lt\/ru\/wp-json\/wp\/v2\/product_cat?post=262234"},{"taxonomy":"product_tag","embeddable":true,"href":"https:\/\/irankiuzona.lt\/ru\/wp-json\/wp\/v2\/product_tag?post=262234"}],"curies":[{"name":"wp","href":"https:\/\/api.w.org\/{rel}","templated":true}]}}