{"id":262252,"date":"2024-09-29T13:00:27","date_gmt":"2024-09-29T13:00:27","guid":{"rendered":"https:\/\/irankiuzona.lt\/product\/dyzeliniu-purkstuku-diagnostikos-komplektas-common-rail\/"},"modified":"2026-04-12T12:20:13","modified_gmt":"2026-04-12T12:20:13","slug":"dyzeliniu-purkstuku-diagnostikos-komplektas-common-rail","status":"publish","type":"product","link":"https:\/\/irankiuzona.lt\/ru\/product\/dyzeliniu-purkstuku-diagnostikos-komplektas-common-rail\/","title":{"rendered":"Dyzelini\u0173 purk\u0161tuk\u0173 diagnostikos komplektas Common Rail"},"content":{"rendered":"<p>Denso C3, Denso C1, Delphi, Siemens C3Tinka 6 cilindr\u0173 varikliamsPrie siurblio prijungti 6 m\u0117gini\u0173 \u0117mikliai6 adapteriai Bosch, Siemens, Denso ir Delhi siurbliams.<br \/>\nL40150 CH3532<\/p>","protected":false},"excerpt":{"rendered":"<p>Dyzelini\u0173 purk\u0161tuk\u0173 diagnostikos komplektas Common Rail<\/p>","protected":false},"featured_media":262254,"comment_status":"open","ping_status":"open","template":"","meta":[],"product_cat":[9700],"product_tag":[10151],"class_list":{"0":"post-262252","1":"product","2":"type-product","3":"status-publish","4":"has-post-thumbnail","6":"product_brand-lenkija-tiekejas","7":"product_cat-dyzeliniu-purkstuku-diagnostika","8":"product_tag-lenkija-tiekejas","10":"first","11":"outofstock","12":"purchasable","13":"product-type-simple"},"jetpack_sharing_enabled":true,"_links":{"self":[{"href":"https:\/\/irankiuzona.lt\/ru\/wp-json\/wp\/v2\/product\/262252","targetHints":{"allow":["GET"]}}],"collection":[{"href":"https:\/\/irankiuzona.lt\/ru\/wp-json\/wp\/v2\/product"}],"about":[{"href":"https:\/\/irankiuzona.lt\/ru\/wp-json\/wp\/v2\/types\/product"}],"replies":[{"embeddable":true,"href":"https:\/\/irankiuzona.lt\/ru\/wp-json\/wp\/v2\/comments?post=262252"}],"version-history":[{"count":1,"href":"https:\/\/irankiuzona.lt\/ru\/wp-json\/wp\/v2\/product\/262252\/revisions"}],"predecessor-version":[{"id":422544,"href":"https:\/\/irankiuzona.lt\/ru\/wp-json\/wp\/v2\/product\/262252\/revisions\/422544"}],"wp:featuredmedia":[{"embeddable":true,"href":"https:\/\/irankiuzona.lt\/ru\/wp-json\/wp\/v2\/media\/262254"}],"wp:attachment":[{"href":"https:\/\/irankiuzona.lt\/ru\/wp-json\/wp\/v2\/media?parent=262252"}],"wp:term":[{"taxonomy":"product_cat","embeddable":true,"href":"https:\/\/irankiuzona.lt\/ru\/wp-json\/wp\/v2\/product_cat?post=262252"},{"taxonomy":"product_tag","embeddable":true,"href":"https:\/\/irankiuzona.lt\/ru\/wp-json\/wp\/v2\/product_tag?post=262252"}],"curies":[{"name":"wp","href":"https:\/\/api.w.org\/{rel}","templated":true}]}}