{"id":262258,"date":"2024-09-29T13:00:27","date_gmt":"2024-09-29T13:00:27","guid":{"rendered":"https:\/\/irankiuzona.lt\/product\/variklio-blokavimo-komplektas-audi-vw-141620l-tdi\/"},"modified":"2026-04-16T19:23:46","modified_gmt":"2026-04-16T19:23:46","slug":"variklio-blokavimo-komplektas-audi-vw-141620l-tdi","status":"publish","type":"product","link":"https:\/\/irankiuzona.lt\/ru\/product\/variklio-blokavimo-komplektas-audi-vw-141620l-tdi\/","title":{"rendered":"Variklio blokavimo komplektas Audi\/VW 1,4,1,6,2,0L TDI"},"content":{"rendered":"<p>Taikymas:<br \/>\nAUDI: A3 kabrioletas, A3 sedanas, A3 Sportback, A4, A4 Allroad, A4 Quattro, A5Sportback, A6, Q5, TTVarikli\u0173 kodai: CRKB, CRLB, CRLC, CUNA, CLHA, CRBC, CRBD, CRFA, CRFC, CNHA, CNHC, CSUA, CSUB, CUNA\u0160koda: Octavia IIIVarikli\u0173 kodai: CLHA, CLHB, CRKB, CUPA, CKFB, CKFC, CRVC,Seat: Leon, Leon ST,Varikli\u0173 kodai: CLHA, CLHB, CRKB, CKFB, CKFC, CRMB, CRVA, CRVC, CUNA, CUPA, CRBC, CRLB,VW: Golf SV\/Sportsvan, Galf VII, Golf VII universalas, Golf VII universalas, PoloVarikli\u0173 kodai: CRKA, CRKB, CRLB, CRVA, CLHA, CLHB, CKFC, CRMB, CUNA, CRBC, CRLB, CRBC, CRLB, CRKB, CUSA, CUSB, CUTA.Varikliai:<br \/>\n1.4 TDI CR1.6 TDi CR \/ TDi CR m\u0117lynas tvirtinimas \/ TDi CR \u017ealia linija \/ TDi CR Ecomotive2.0 TDi CR \/ TDi CR m\u0117lynas tvirtinimas \/ TDi CR Ultra \/ RS TDi CR<\/p>","protected":false},"excerpt":{"rendered":"<p>Variklio blokavimo komplektas Audi\/VW 1,4,1,6,2,0L TDI<\/p>","protected":false},"featured_media":262260,"comment_status":"open","ping_status":"open","template":"","meta":[],"product_cat":[9543],"product_tag":[10151],"class_list":{"0":"post-262258","1":"product","2":"type-product","3":"status-publish","4":"has-post-thumbnail","6":"product_brand-lenkija-tiekejas","7":"product_cat-vag-vw-skoda-blokatoriai","8":"product_tag-lenkija-tiekejas","10":"first","11":"outofstock","12":"purchasable","13":"product-type-simple"},"jetpack_sharing_enabled":true,"_links":{"self":[{"href":"https:\/\/irankiuzona.lt\/ru\/wp-json\/wp\/v2\/product\/262258","targetHints":{"allow":["GET"]}}],"collection":[{"href":"https:\/\/irankiuzona.lt\/ru\/wp-json\/wp\/v2\/product"}],"about":[{"href":"https:\/\/irankiuzona.lt\/ru\/wp-json\/wp\/v2\/types\/product"}],"replies":[{"embeddable":true,"href":"https:\/\/irankiuzona.lt\/ru\/wp-json\/wp\/v2\/comments?post=262258"}],"version-history":[{"count":1,"href":"https:\/\/irankiuzona.lt\/ru\/wp-json\/wp\/v2\/product\/262258\/revisions"}],"predecessor-version":[{"id":422546,"href":"https:\/\/irankiuzona.lt\/ru\/wp-json\/wp\/v2\/product\/262258\/revisions\/422546"}],"wp:featuredmedia":[{"embeddable":true,"href":"https:\/\/irankiuzona.lt\/ru\/wp-json\/wp\/v2\/media\/262260"}],"wp:attachment":[{"href":"https:\/\/irankiuzona.lt\/ru\/wp-json\/wp\/v2\/media?parent=262258"}],"wp:term":[{"taxonomy":"product_cat","embeddable":true,"href":"https:\/\/irankiuzona.lt\/ru\/wp-json\/wp\/v2\/product_cat?post=262258"},{"taxonomy":"product_tag","embeddable":true,"href":"https:\/\/irankiuzona.lt\/ru\/wp-json\/wp\/v2\/product_tag?post=262258"}],"curies":[{"name":"wp","href":"https:\/\/api.w.org\/{rel}","templated":true}]}}