{"id":262264,"date":"2024-09-29T13:00:28","date_gmt":"2024-09-29T13:00:28","guid":{"rendered":"https:\/\/irankiuzona.lt\/product\/fiksuojamas-peilis-trapecine-gelezte-19x60mm-sk5-plieno\/"},"modified":"2026-04-14T19:42:41","modified_gmt":"2026-04-14T19:42:41","slug":"fiksuojamas-peilis-trapecine-gelezte-19x60mm-sk5-plieno","status":"publish","type":"product","link":"https:\/\/irankiuzona.lt\/ru\/product\/fiksuojamas-peilis-trapecine-gelezte-19x60mm-sk5-plieno\/","title":{"rendered":"Fiksuojamas peilis trapecine gele\u017ete 19x60mm \/ SK5 plieno"},"content":{"rendered":"<p>gele\u017et\u0117 su padidintu atsparumu \u012ftr\u016bkimams, pagaminta i\u0161 plieno SK5;triguba lazeriu pagal\u0105sta pjovimo briauna u\u017etikrina auk\u0161\u010diausi\u0105 ry\u0161kumo lyg\u012f;ergonomi\u0161kas korpusas pagamintas i\u0161 lengvo ir patvaraus aliuminio bei ABS;a\u0161men\u0173 dydis: 19 x 60 mm;rinkinyje yra 4 peiliukai su lengvo peili\u0173 keitimo sistema.<\/p>","protected":false},"excerpt":{"rendered":"<p>Fiksuojamas peilis trapecine gele\u017ete 19x60mm \/ SK5 plieno<\/p>","protected":false},"featured_media":262266,"comment_status":"open","ping_status":"open","template":"","meta":[],"product_cat":[9736],"product_tag":[9969],"class_list":{"0":"post-262264","1":"product","2":"type-product","3":"status-publish","4":"has-post-thumbnail","6":"product_brand-hogert-technik-vokietija","7":"product_cat-peiliukai-tapetams-geleztes-peiliai","8":"product_tag-hogert-technik-vokietija","10":"first","11":"instock","12":"purchasable","13":"product-type-simple"},"jetpack_sharing_enabled":true,"_links":{"self":[{"href":"https:\/\/irankiuzona.lt\/ru\/wp-json\/wp\/v2\/product\/262264","targetHints":{"allow":["GET"]}}],"collection":[{"href":"https:\/\/irankiuzona.lt\/ru\/wp-json\/wp\/v2\/product"}],"about":[{"href":"https:\/\/irankiuzona.lt\/ru\/wp-json\/wp\/v2\/types\/product"}],"replies":[{"embeddable":true,"href":"https:\/\/irankiuzona.lt\/ru\/wp-json\/wp\/v2\/comments?post=262264"}],"version-history":[{"count":1,"href":"https:\/\/irankiuzona.lt\/ru\/wp-json\/wp\/v2\/product\/262264\/revisions"}],"predecessor-version":[{"id":422548,"href":"https:\/\/irankiuzona.lt\/ru\/wp-json\/wp\/v2\/product\/262264\/revisions\/422548"}],"wp:featuredmedia":[{"embeddable":true,"href":"https:\/\/irankiuzona.lt\/ru\/wp-json\/wp\/v2\/media\/262266"}],"wp:attachment":[{"href":"https:\/\/irankiuzona.lt\/ru\/wp-json\/wp\/v2\/media?parent=262264"}],"wp:term":[{"taxonomy":"product_cat","embeddable":true,"href":"https:\/\/irankiuzona.lt\/ru\/wp-json\/wp\/v2\/product_cat?post=262264"},{"taxonomy":"product_tag","embeddable":true,"href":"https:\/\/irankiuzona.lt\/ru\/wp-json\/wp\/v2\/product_tag?post=262264"}],"curies":[{"name":"wp","href":"https:\/\/api.w.org\/{rel}","templated":true}]}}