{"id":262273,"date":"2024-09-29T13:00:29","date_gmt":"2024-09-29T13:00:29","guid":{"rendered":"https:\/\/irankiuzona.lt\/product\/ratu-slapuku-galvutes-bmw-21daliu\/"},"modified":"2026-04-13T01:06:05","modified_gmt":"2026-04-13T01:06:05","slug":"ratu-slapuku-galvutes-bmw-21daliu","status":"publish","type":"product","link":"https:\/\/irankiuzona.lt\/ru\/product\/ratu-slapuku-galvutes-bmw-21daliu\/","title":{"rendered":"Rat\u0173 slapuk\u0173 galvut\u0117s BMW 21dali\u0173"},"content":{"rendered":"<p>Naudojami daugumos BMW ir Mini modeli\u0173 rato u\u017eraktams (\u201eslapukams\u201c).Rat\u0173 ver\u017eli\u0173 u\u017erakto galvut\u0117s atitinka BMW OEM 36 1 300 standart\u0105Dyd\u017eiai: 30\/13PT, 31\/15PT, 32\/16PT, 13\/16PT, 12\/14PT, 11\/15PT, 33\/17PT, 34\/18PT, 35\/19PT, 16\/10PT, 15\/11PT, 14\/12PT, 36\/20PT, 37\/21PT, 38\/22PT, 19\/8PT, 18\/13PT, 17\/7PT, 40\/23PT, 20\/9PT1\/2&quot; 17 mm galvut\u0117 (L = 85 mm), pagaminta i\u0161 SCM440 plieno ir chromuotas<\/p>","protected":false},"excerpt":{"rendered":"<p>BMW rat\u0173 var\u017et\u0173 &#8211; slapuk\u0173, u\u017erakt\u0173 rinkinys. Galvut\u0117s rat\u0173 var\u017etams BMW<\/p>","protected":false},"featured_media":262275,"comment_status":"open","ping_status":"open","template":"","meta":[],"product_cat":[9797],"product_tag":[9435],"class_list":{"0":"post-262273","1":"product","2":"type-product","3":"status-publish","4":"has-post-thumbnail","6":"product_brand-kinija","7":"product_cat-irankiai-ratu-slapukams-atsukti","8":"product_tag-kinija","10":"first","11":"outofstock","12":"purchasable","13":"product-type-simple"},"jetpack_sharing_enabled":true,"_links":{"self":[{"href":"https:\/\/irankiuzona.lt\/ru\/wp-json\/wp\/v2\/product\/262273","targetHints":{"allow":["GET"]}}],"collection":[{"href":"https:\/\/irankiuzona.lt\/ru\/wp-json\/wp\/v2\/product"}],"about":[{"href":"https:\/\/irankiuzona.lt\/ru\/wp-json\/wp\/v2\/types\/product"}],"replies":[{"embeddable":true,"href":"https:\/\/irankiuzona.lt\/ru\/wp-json\/wp\/v2\/comments?post=262273"}],"version-history":[{"count":1,"href":"https:\/\/irankiuzona.lt\/ru\/wp-json\/wp\/v2\/product\/262273\/revisions"}],"predecessor-version":[{"id":422551,"href":"https:\/\/irankiuzona.lt\/ru\/wp-json\/wp\/v2\/product\/262273\/revisions\/422551"}],"wp:featuredmedia":[{"embeddable":true,"href":"https:\/\/irankiuzona.lt\/ru\/wp-json\/wp\/v2\/media\/262275"}],"wp:attachment":[{"href":"https:\/\/irankiuzona.lt\/ru\/wp-json\/wp\/v2\/media?parent=262273"}],"wp:term":[{"taxonomy":"product_cat","embeddable":true,"href":"https:\/\/irankiuzona.lt\/ru\/wp-json\/wp\/v2\/product_cat?post=262273"},{"taxonomy":"product_tag","embeddable":true,"href":"https:\/\/irankiuzona.lt\/ru\/wp-json\/wp\/v2\/product_tag?post=262273"}],"curies":[{"name":"wp","href":"https:\/\/api.w.org\/{rel}","templated":true}]}}