{"id":262404,"date":"2024-09-29T13:00:44","date_gmt":"2024-09-29T13:00:44","guid":{"rendered":"https:\/\/irankiuzona.lt\/product\/sepetys-greztuvui-pintas-65mm\/"},"modified":"2026-04-15T15:50:00","modified_gmt":"2026-04-15T15:50:00","slug":"sepetys-greztuvui-pintas-65mm","status":"publish","type":"product","link":"https:\/\/irankiuzona.lt\/ru\/product\/sepetys-greztuvui-pintas-65mm\/","title":{"rendered":"\u0160epetys gr\u0119\u017etuvui pintas 65mm"},"content":{"rendered":"","protected":false},"excerpt":{"rendered":"<p>\u0160epetys gr\u0119\u017etuvui pintas 65mm<\/p>","protected":false},"featured_media":262406,"comment_status":"open","ping_status":"open","template":"","meta":[],"product_cat":[9450],"product_tag":[10104],"class_list":{"0":"post-262404","1":"product","2":"type-product","3":"status-publish","4":"has-post-thumbnail","6":"product_brand-kraftdele","7":"product_cat-sepeciai-greztuvui-slif-pj-irankiui","8":"product_tag-kraftdele","10":"first","11":"outofstock","12":"purchasable","13":"product-type-simple"},"jetpack_sharing_enabled":true,"_links":{"self":[{"href":"https:\/\/irankiuzona.lt\/ru\/wp-json\/wp\/v2\/product\/262404","targetHints":{"allow":["GET"]}}],"collection":[{"href":"https:\/\/irankiuzona.lt\/ru\/wp-json\/wp\/v2\/product"}],"about":[{"href":"https:\/\/irankiuzona.lt\/ru\/wp-json\/wp\/v2\/types\/product"}],"replies":[{"embeddable":true,"href":"https:\/\/irankiuzona.lt\/ru\/wp-json\/wp\/v2\/comments?post=262404"}],"version-history":[{"count":1,"href":"https:\/\/irankiuzona.lt\/ru\/wp-json\/wp\/v2\/product\/262404\/revisions"}],"predecessor-version":[{"id":422596,"href":"https:\/\/irankiuzona.lt\/ru\/wp-json\/wp\/v2\/product\/262404\/revisions\/422596"}],"wp:featuredmedia":[{"embeddable":true,"href":"https:\/\/irankiuzona.lt\/ru\/wp-json\/wp\/v2\/media\/262406"}],"wp:attachment":[{"href":"https:\/\/irankiuzona.lt\/ru\/wp-json\/wp\/v2\/media?parent=262404"}],"wp:term":[{"taxonomy":"product_cat","embeddable":true,"href":"https:\/\/irankiuzona.lt\/ru\/wp-json\/wp\/v2\/product_cat?post=262404"},{"taxonomy":"product_tag","embeddable":true,"href":"https:\/\/irankiuzona.lt\/ru\/wp-json\/wp\/v2\/product_tag?post=262404"}],"curies":[{"name":"wp","href":"https:\/\/api.w.org\/{rel}","templated":true}]}}