{"id":262425,"date":"2024-09-29T13:00:46","date_gmt":"2024-09-29T13:00:46","guid":{"rendered":"https:\/\/irankiuzona.lt\/product\/pneumo-zarna-pu-512mm-20m\/"},"modified":"2026-05-06T21:54:01","modified_gmt":"2026-05-06T21:54:01","slug":"pneumo-zarna-pu-512mm-20m","status":"publish","type":"product","link":"https:\/\/irankiuzona.lt\/ru\/product\/pneumo-zarna-pu-512mm-20m\/","title":{"rendered":"Pneumo \u017earna PU 5*12mm 20m"},"content":{"rendered":"<p>Skersmuo: 5x12mmIlgis: 20mMed\u017eiaga: polietilenasMaksimalus darbinis sl\u0117gis: 8 baraiDarbin\u0117 temperat\u016bra: -40\u00b0C iki +70\u00b0CGreita jungtis<\/p>","protected":false},"excerpt":{"rendered":"<p>\u017darna pneumatin\u0117 PU 5*12mm 20m<\/p>","protected":false},"featured_media":262427,"comment_status":"open","ping_status":"open","template":"","meta":[],"product_cat":[9657],"product_tag":[10104],"class_list":{"0":"post-262425","1":"product","2":"type-product","3":"status-publish","4":"has-post-thumbnail","6":"product_brand-kraftdele","7":"product_cat-pneumatines-oro-zarnos","8":"product_tag-kraftdele","10":"first","11":"instock","12":"purchasable","13":"product-type-simple"},"jetpack_sharing_enabled":true,"_links":{"self":[{"href":"https:\/\/irankiuzona.lt\/ru\/wp-json\/wp\/v2\/product\/262425","targetHints":{"allow":["GET"]}}],"collection":[{"href":"https:\/\/irankiuzona.lt\/ru\/wp-json\/wp\/v2\/product"}],"about":[{"href":"https:\/\/irankiuzona.lt\/ru\/wp-json\/wp\/v2\/types\/product"}],"replies":[{"embeddable":true,"href":"https:\/\/irankiuzona.lt\/ru\/wp-json\/wp\/v2\/comments?post=262425"}],"version-history":[{"count":1,"href":"https:\/\/irankiuzona.lt\/ru\/wp-json\/wp\/v2\/product\/262425\/revisions"}],"predecessor-version":[{"id":422603,"href":"https:\/\/irankiuzona.lt\/ru\/wp-json\/wp\/v2\/product\/262425\/revisions\/422603"}],"wp:featuredmedia":[{"embeddable":true,"href":"https:\/\/irankiuzona.lt\/ru\/wp-json\/wp\/v2\/media\/262427"}],"wp:attachment":[{"href":"https:\/\/irankiuzona.lt\/ru\/wp-json\/wp\/v2\/media?parent=262425"}],"wp:term":[{"taxonomy":"product_cat","embeddable":true,"href":"https:\/\/irankiuzona.lt\/ru\/wp-json\/wp\/v2\/product_cat?post=262425"},{"taxonomy":"product_tag","embeddable":true,"href":"https:\/\/irankiuzona.lt\/ru\/wp-json\/wp\/v2\/product_tag?post=262425"}],"curies":[{"name":"wp","href":"https:\/\/api.w.org\/{rel}","templated":true}]}}