{"id":262431,"date":"2024-09-29T13:00:47","date_gmt":"2024-09-29T13:00:47","guid":{"rendered":"https:\/\/irankiuzona.lt\/product\/nuemejas-pusmenulio-formos-4\/"},"modified":"2026-04-13T09:51:04","modified_gmt":"2026-04-13T09:51:04","slug":"nuemejas-pusmenulio-formos-4","status":"publish","type":"product","link":"https:\/\/irankiuzona.lt\/ru\/product\/nuemejas-pusmenulio-formos-4\/","title":{"rendered":"Nu\u0117m\u0117jas pusm\u0117nulio formos 4&quot;"},"content":{"rendered":"","protected":false},"excerpt":{"rendered":"<p>Nu\u0117m\u0117jas pusm\u0117nulio formos 4&quot;<\/p>","protected":false},"featured_media":262433,"comment_status":"open","ping_status":"open","template":"","meta":[],"product_cat":[9536],"product_tag":[10104],"class_list":{"0":"post-262431","1":"product","2":"type-product","3":"status-publish","4":"has-post-thumbnail","6":"product_brand-kraftdele","7":"product_cat-lygiagretus-nuemejai-atskyrejai-pusmenuliai","8":"product_tag-kraftdele","10":"first","11":"outofstock","12":"purchasable","13":"product-type-simple"},"jetpack_sharing_enabled":true,"_links":{"self":[{"href":"https:\/\/irankiuzona.lt\/ru\/wp-json\/wp\/v2\/product\/262431","targetHints":{"allow":["GET"]}}],"collection":[{"href":"https:\/\/irankiuzona.lt\/ru\/wp-json\/wp\/v2\/product"}],"about":[{"href":"https:\/\/irankiuzona.lt\/ru\/wp-json\/wp\/v2\/types\/product"}],"replies":[{"embeddable":true,"href":"https:\/\/irankiuzona.lt\/ru\/wp-json\/wp\/v2\/comments?post=262431"}],"version-history":[{"count":1,"href":"https:\/\/irankiuzona.lt\/ru\/wp-json\/wp\/v2\/product\/262431\/revisions"}],"predecessor-version":[{"id":422605,"href":"https:\/\/irankiuzona.lt\/ru\/wp-json\/wp\/v2\/product\/262431\/revisions\/422605"}],"wp:featuredmedia":[{"embeddable":true,"href":"https:\/\/irankiuzona.lt\/ru\/wp-json\/wp\/v2\/media\/262433"}],"wp:attachment":[{"href":"https:\/\/irankiuzona.lt\/ru\/wp-json\/wp\/v2\/media?parent=262431"}],"wp:term":[{"taxonomy":"product_cat","embeddable":true,"href":"https:\/\/irankiuzona.lt\/ru\/wp-json\/wp\/v2\/product_cat?post=262431"},{"taxonomy":"product_tag","embeddable":true,"href":"https:\/\/irankiuzona.lt\/ru\/wp-json\/wp\/v2\/product_tag?post=262431"}],"curies":[{"name":"wp","href":"https:\/\/api.w.org\/{rel}","templated":true}]}}