{"id":262443,"date":"2024-09-29T13:00:48","date_gmt":"2024-09-29T13:00:48","guid":{"rendered":"https:\/\/irankiuzona.lt\/product\/elektrinis-vamzdziu-sriegpjoviklis-1800w\/"},"modified":"2026-05-15T23:00:31","modified_gmt":"2026-05-15T23:00:31","slug":"elektrinis-vamzdziu-sriegpjoviklis-1800w","status":"publish","type":"product","link":"https:\/\/irankiuzona.lt\/ru\/product\/elektrinis-vamzdziu-sriegpjoviklis-1800w\/","title":{"rendered":"Elektrinis vamzd\u017ei\u0173 sriegpjoviklis 1800W"},"content":{"rendered":"<p>Galia: 1800W230 V \u012ftampa50Hz da\u017enisDyd\u017eiai: 1\/2 &quot;; 3\/4&quot;; 1 &quot;; 1-1\/4&quot;; 1-1\/2 &quot;; 2&quot;Greitis be apkrovos: 28 \/ minMatmenys: 500 x 180 x 90 mmSvoris: 19 kg<\/p>","protected":false},"excerpt":{"rendered":"<p>Elektrinis vamzd\u017ei\u0173 sriegpjoviklis 1800W<\/p>","protected":false},"featured_media":262445,"comment_status":"open","ping_status":"open","template":"","meta":[],"product_cat":[10017],"product_tag":[10104],"class_list":{"0":"post-262443","1":"product","2":"type-product","3":"status-publish","4":"has-post-thumbnail","6":"product_brand-kraftdele","7":"product_cat-sriegpjoves","8":"product_tag-kraftdele","10":"first","11":"outofstock","12":"purchasable","13":"product-type-simple"},"jetpack_sharing_enabled":true,"_links":{"self":[{"href":"https:\/\/irankiuzona.lt\/ru\/wp-json\/wp\/v2\/product\/262443","targetHints":{"allow":["GET"]}}],"collection":[{"href":"https:\/\/irankiuzona.lt\/ru\/wp-json\/wp\/v2\/product"}],"about":[{"href":"https:\/\/irankiuzona.lt\/ru\/wp-json\/wp\/v2\/types\/product"}],"replies":[{"embeddable":true,"href":"https:\/\/irankiuzona.lt\/ru\/wp-json\/wp\/v2\/comments?post=262443"}],"version-history":[{"count":1,"href":"https:\/\/irankiuzona.lt\/ru\/wp-json\/wp\/v2\/product\/262443\/revisions"}],"predecessor-version":[{"id":422609,"href":"https:\/\/irankiuzona.lt\/ru\/wp-json\/wp\/v2\/product\/262443\/revisions\/422609"}],"wp:featuredmedia":[{"embeddable":true,"href":"https:\/\/irankiuzona.lt\/ru\/wp-json\/wp\/v2\/media\/262445"}],"wp:attachment":[{"href":"https:\/\/irankiuzona.lt\/ru\/wp-json\/wp\/v2\/media?parent=262443"}],"wp:term":[{"taxonomy":"product_cat","embeddable":true,"href":"https:\/\/irankiuzona.lt\/ru\/wp-json\/wp\/v2\/product_cat?post=262443"},{"taxonomy":"product_tag","embeddable":true,"href":"https:\/\/irankiuzona.lt\/ru\/wp-json\/wp\/v2\/product_tag?post=262443"}],"curies":[{"name":"wp","href":"https:\/\/api.w.org\/{rel}","templated":true}]}}