{"id":262464,"date":"2024-09-29T13:00:50","date_gmt":"2024-09-29T13:00:50","guid":{"rendered":"https:\/\/irankiuzona.lt\/product\/plastiko-suvirinimo-aparatas-50w-su-kabemis\/"},"modified":"2026-04-12T22:03:28","modified_gmt":"2026-04-12T22:03:28","slug":"plastiko-suvirinimo-aparatas-50w-su-kabemis","status":"publish","type":"product","link":"https:\/\/irankiuzona.lt\/ru\/product\/plastiko-suvirinimo-aparatas-50w-su-kabemis\/","title":{"rendered":"Plastiko suvirinimo aparatas 50W su kab\u0117mis"},"content":{"rendered":"<p>Maitinimas: 230V\/0,5AGalia: 50WI\u0161\u0117jimo srov\u0117: 0-15ATemperat\u016bra: iki 400C<\/p>","protected":false},"excerpt":{"rendered":"<p>Plastiko suvirinimo aparatas 50W su kab\u0117mis<\/p>","protected":false},"featured_media":262466,"comment_status":"open","ping_status":"open","template":"","meta":[],"product_cat":[9878],"product_tag":[10104],"class_list":{"0":"post-262464","1":"product","2":"type-product","3":"status-publish","4":"has-post-thumbnail","6":"product_brand-kraftdele","7":"product_cat-plastmases-litavimas","8":"product_tag-kraftdele","10":"first","11":"outofstock","12":"purchasable","13":"product-type-simple"},"jetpack_sharing_enabled":true,"_links":{"self":[{"href":"https:\/\/irankiuzona.lt\/ru\/wp-json\/wp\/v2\/product\/262464","targetHints":{"allow":["GET"]}}],"collection":[{"href":"https:\/\/irankiuzona.lt\/ru\/wp-json\/wp\/v2\/product"}],"about":[{"href":"https:\/\/irankiuzona.lt\/ru\/wp-json\/wp\/v2\/types\/product"}],"replies":[{"embeddable":true,"href":"https:\/\/irankiuzona.lt\/ru\/wp-json\/wp\/v2\/comments?post=262464"}],"version-history":[{"count":1,"href":"https:\/\/irankiuzona.lt\/ru\/wp-json\/wp\/v2\/product\/262464\/revisions"}],"predecessor-version":[{"id":422616,"href":"https:\/\/irankiuzona.lt\/ru\/wp-json\/wp\/v2\/product\/262464\/revisions\/422616"}],"wp:featuredmedia":[{"embeddable":true,"href":"https:\/\/irankiuzona.lt\/ru\/wp-json\/wp\/v2\/media\/262466"}],"wp:attachment":[{"href":"https:\/\/irankiuzona.lt\/ru\/wp-json\/wp\/v2\/media?parent=262464"}],"wp:term":[{"taxonomy":"product_cat","embeddable":true,"href":"https:\/\/irankiuzona.lt\/ru\/wp-json\/wp\/v2\/product_cat?post=262464"},{"taxonomy":"product_tag","embeddable":true,"href":"https:\/\/irankiuzona.lt\/ru\/wp-json\/wp\/v2\/product_tag?post=262464"}],"curies":[{"name":"wp","href":"https:\/\/api.w.org\/{rel}","templated":true}]}}