{"id":262479,"date":"2024-09-29T13:00:52","date_gmt":"2024-09-29T13:00:52","guid":{"rendered":"https:\/\/irankiuzona.lt\/product\/galvutes-sugadintiems-varztams-10vnt-9-19mm\/"},"modified":"2026-04-16T17:17:23","modified_gmt":"2026-04-16T17:17:23","slug":"galvutes-sugadintiems-varztams-10vnt-9-19mm","status":"publish","type":"product","link":"https:\/\/irankiuzona.lt\/ru\/product\/galvutes-sugadintiems-varztams-10vnt-9-19mm\/","title":{"rendered":"Galvut\u0117s sugadintiems var\u017etams 10vnt. 9-19mm"},"content":{"rendered":"<p>Dyd\u017eiai :\u00a09, 10, 11, 12, 13, 14, 15, 16, 17, 19 mm.<\/p>","protected":false},"excerpt":{"rendered":"<p>Galvut\u0117s sugadintiems var\u017etams 10vnt. 9-19mm<\/p>","protected":false},"featured_media":262481,"comment_status":"open","ping_status":"open","template":"","meta":[],"product_cat":[9500],"product_tag":[10104],"class_list":{"0":"post-262479","1":"product","2":"type-product","3":"status-publish","4":"has-post-thumbnail","6":"product_brand-kraftdele","7":"product_cat-galvuciu-komplektai-sugadintiems-varztams","8":"product_tag-kraftdele","10":"first","11":"outofstock","12":"purchasable","13":"product-type-simple"},"jetpack_sharing_enabled":true,"_links":{"self":[{"href":"https:\/\/irankiuzona.lt\/ru\/wp-json\/wp\/v2\/product\/262479","targetHints":{"allow":["GET"]}}],"collection":[{"href":"https:\/\/irankiuzona.lt\/ru\/wp-json\/wp\/v2\/product"}],"about":[{"href":"https:\/\/irankiuzona.lt\/ru\/wp-json\/wp\/v2\/types\/product"}],"replies":[{"embeddable":true,"href":"https:\/\/irankiuzona.lt\/ru\/wp-json\/wp\/v2\/comments?post=262479"}],"version-history":[{"count":1,"href":"https:\/\/irankiuzona.lt\/ru\/wp-json\/wp\/v2\/product\/262479\/revisions"}],"predecessor-version":[{"id":422621,"href":"https:\/\/irankiuzona.lt\/ru\/wp-json\/wp\/v2\/product\/262479\/revisions\/422621"}],"wp:featuredmedia":[{"embeddable":true,"href":"https:\/\/irankiuzona.lt\/ru\/wp-json\/wp\/v2\/media\/262481"}],"wp:attachment":[{"href":"https:\/\/irankiuzona.lt\/ru\/wp-json\/wp\/v2\/media?parent=262479"}],"wp:term":[{"taxonomy":"product_cat","embeddable":true,"href":"https:\/\/irankiuzona.lt\/ru\/wp-json\/wp\/v2\/product_cat?post=262479"},{"taxonomy":"product_tag","embeddable":true,"href":"https:\/\/irankiuzona.lt\/ru\/wp-json\/wp\/v2\/product_tag?post=262479"}],"curies":[{"name":"wp","href":"https:\/\/api.w.org\/{rel}","templated":true}]}}