{"id":262545,"date":"2024-09-29T13:00:58","date_gmt":"2024-09-29T13:00:58","guid":{"rendered":"https:\/\/irankiuzona.lt\/product\/smugines-galvutes-ilgos-1-2-10-30mm-13vnt\/"},"modified":"2026-05-14T19:47:37","modified_gmt":"2026-05-14T19:47:37","slug":"smugines-galvutes-ilgos-1-2-10-30mm-13vnt","status":"publish","type":"product","link":"https:\/\/irankiuzona.lt\/ru\/product\/smugines-galvutes-ilgos-1-2-10-30mm-13vnt\/","title":{"rendered":"Sm\u016bgin\u0117s galvut\u0117s ilgos 1\/2&quot; 10-30mm 13vnt."},"content":{"rendered":"<p>10,11,12,13,14,16,17,19,21,22,24,27,30mm<\/p>","protected":false},"excerpt":{"rendered":"<p>Sm\u016bgin\u0117s galvut\u0117s ilgos 1\/2&quot; 10-30mm 13vnt.<\/p>","protected":false},"featured_media":262547,"comment_status":"open","ping_status":"open","template":"","meta":[],"product_cat":[9499],"product_tag":[10104],"class_list":{"0":"post-262545","1":"product","2":"type-product","3":"status-publish","4":"has-post-thumbnail","6":"product_brand-kraftdele","7":"product_cat-smuginiu-galvuciu-komplektai","8":"product_tag-kraftdele","10":"first","11":"instock","12":"purchasable","13":"product-type-simple"},"jetpack_sharing_enabled":true,"_links":{"self":[{"href":"https:\/\/irankiuzona.lt\/ru\/wp-json\/wp\/v2\/product\/262545","targetHints":{"allow":["GET"]}}],"collection":[{"href":"https:\/\/irankiuzona.lt\/ru\/wp-json\/wp\/v2\/product"}],"about":[{"href":"https:\/\/irankiuzona.lt\/ru\/wp-json\/wp\/v2\/types\/product"}],"replies":[{"embeddable":true,"href":"https:\/\/irankiuzona.lt\/ru\/wp-json\/wp\/v2\/comments?post=262545"}],"version-history":[{"count":1,"href":"https:\/\/irankiuzona.lt\/ru\/wp-json\/wp\/v2\/product\/262545\/revisions"}],"predecessor-version":[{"id":422642,"href":"https:\/\/irankiuzona.lt\/ru\/wp-json\/wp\/v2\/product\/262545\/revisions\/422642"}],"wp:featuredmedia":[{"embeddable":true,"href":"https:\/\/irankiuzona.lt\/ru\/wp-json\/wp\/v2\/media\/262547"}],"wp:attachment":[{"href":"https:\/\/irankiuzona.lt\/ru\/wp-json\/wp\/v2\/media?parent=262545"}],"wp:term":[{"taxonomy":"product_cat","embeddable":true,"href":"https:\/\/irankiuzona.lt\/ru\/wp-json\/wp\/v2\/product_cat?post=262545"},{"taxonomy":"product_tag","embeddable":true,"href":"https:\/\/irankiuzona.lt\/ru\/wp-json\/wp\/v2\/product_tag?post=262545"}],"curies":[{"name":"wp","href":"https:\/\/api.w.org\/{rel}","templated":true}]}}