{"id":262587,"date":"2024-09-29T13:01:04","date_gmt":"2024-09-29T13:01:04","guid":{"rendered":"https:\/\/irankiuzona.lt\/product\/stakles-plytelems-400mm\/"},"modified":"2026-04-16T10:58:20","modified_gmt":"2026-04-16T10:58:20","slug":"stakles-plytelems-400mm","status":"publish","type":"product","link":"https:\/\/irankiuzona.lt\/ru\/product\/stakles-plytelems-400mm\/","title":{"rendered":"Stakl\u0117s plytel\u0117ms 400mm"},"content":{"rendered":"<p>Giljotina su pj\u016bklu sukurta tiksliam, greitam ir be dulki\u0173 pjovimui.Naudojama atliekant plyteli\u0173 klojimo darbus.Lengvas valdymas, paprastas dizainas ir auk\u0161ta med\u017eiag\u0173 kokyb\u0117.<\/p>","protected":false},"excerpt":{"rendered":"<p>Stakl\u0117s plytel\u0117ms 400mm<\/p>","protected":false},"featured_media":262589,"comment_status":"open","ping_status":"open","template":"","meta":[],"product_cat":[9455],"product_tag":[9628],"class_list":{"0":"post-262587","1":"product","2":"type-product","3":"status-publish","4":"has-post-thumbnail","6":"product_brand-condor-lenkija","7":"product_cat-irankiai-plytelems-stiklui-laminatui","8":"product_tag-condor-lenkija","10":"first","11":"outofstock","12":"purchasable","13":"product-type-simple"},"jetpack_sharing_enabled":true,"_links":{"self":[{"href":"https:\/\/irankiuzona.lt\/ru\/wp-json\/wp\/v2\/product\/262587","targetHints":{"allow":["GET"]}}],"collection":[{"href":"https:\/\/irankiuzona.lt\/ru\/wp-json\/wp\/v2\/product"}],"about":[{"href":"https:\/\/irankiuzona.lt\/ru\/wp-json\/wp\/v2\/types\/product"}],"replies":[{"embeddable":true,"href":"https:\/\/irankiuzona.lt\/ru\/wp-json\/wp\/v2\/comments?post=262587"}],"version-history":[{"count":1,"href":"https:\/\/irankiuzona.lt\/ru\/wp-json\/wp\/v2\/product\/262587\/revisions"}],"predecessor-version":[{"id":422656,"href":"https:\/\/irankiuzona.lt\/ru\/wp-json\/wp\/v2\/product\/262587\/revisions\/422656"}],"wp:featuredmedia":[{"embeddable":true,"href":"https:\/\/irankiuzona.lt\/ru\/wp-json\/wp\/v2\/media\/262589"}],"wp:attachment":[{"href":"https:\/\/irankiuzona.lt\/ru\/wp-json\/wp\/v2\/media?parent=262587"}],"wp:term":[{"taxonomy":"product_cat","embeddable":true,"href":"https:\/\/irankiuzona.lt\/ru\/wp-json\/wp\/v2\/product_cat?post=262587"},{"taxonomy":"product_tag","embeddable":true,"href":"https:\/\/irankiuzona.lt\/ru\/wp-json\/wp\/v2\/product_tag?post=262587"}],"curies":[{"name":"wp","href":"https:\/\/api.w.org\/{rel}","templated":true}]}}