{"id":262635,"date":"2024-09-29T13:10:06","date_gmt":"2024-09-29T13:10:06","guid":{"rendered":"https:\/\/irankiuzona.lt\/product\/laidu-antgaliu-komplektas-360vnt\/"},"modified":"2026-04-09T18:09:18","modified_gmt":"2026-04-09T18:09:18","slug":"laidu-antgaliu-komplektas-360vnt","status":"publish","type":"product","link":"https:\/\/irankiuzona.lt\/ru\/product\/laidu-antgaliu-komplektas-360vnt\/","title":{"rendered":"Laid\u0173 antgali\u0173 komplektas 360vnt."},"content":{"rendered":"","protected":false},"excerpt":{"rendered":"<p>Izoliuot\u0173 laid\u0173\u00a0jung\u010di\u0173 komplektas 360vnt.<\/p>","protected":false},"featured_media":262637,"comment_status":"open","ping_status":"open","template":"","meta":[],"product_cat":[9654],"product_tag":[10151],"class_list":{"0":"post-262635","1":"product","2":"type-product","3":"status-publish","4":"has-post-thumbnail","6":"product_brand-lenkija-tiekejas","7":"product_cat-jungtys-izoliacines-juostos","8":"product_tag-lenkija-tiekejas","10":"first","11":"outofstock","12":"purchasable","13":"product-type-simple"},"jetpack_sharing_enabled":true,"_links":{"self":[{"href":"https:\/\/irankiuzona.lt\/ru\/wp-json\/wp\/v2\/product\/262635","targetHints":{"allow":["GET"]}}],"collection":[{"href":"https:\/\/irankiuzona.lt\/ru\/wp-json\/wp\/v2\/product"}],"about":[{"href":"https:\/\/irankiuzona.lt\/ru\/wp-json\/wp\/v2\/types\/product"}],"replies":[{"embeddable":true,"href":"https:\/\/irankiuzona.lt\/ru\/wp-json\/wp\/v2\/comments?post=262635"}],"version-history":[{"count":1,"href":"https:\/\/irankiuzona.lt\/ru\/wp-json\/wp\/v2\/product\/262635\/revisions"}],"predecessor-version":[{"id":422672,"href":"https:\/\/irankiuzona.lt\/ru\/wp-json\/wp\/v2\/product\/262635\/revisions\/422672"}],"wp:featuredmedia":[{"embeddable":true,"href":"https:\/\/irankiuzona.lt\/ru\/wp-json\/wp\/v2\/media\/262637"}],"wp:attachment":[{"href":"https:\/\/irankiuzona.lt\/ru\/wp-json\/wp\/v2\/media?parent=262635"}],"wp:term":[{"taxonomy":"product_cat","embeddable":true,"href":"https:\/\/irankiuzona.lt\/ru\/wp-json\/wp\/v2\/product_cat?post=262635"},{"taxonomy":"product_tag","embeddable":true,"href":"https:\/\/irankiuzona.lt\/ru\/wp-json\/wp\/v2\/product_tag?post=262635"}],"curies":[{"name":"wp","href":"https:\/\/api.w.org\/{rel}","templated":true}]}}