{"id":262686,"date":"2024-09-29T13:10:12","date_gmt":"2024-09-29T13:10:12","guid":{"rendered":"https:\/\/irankiuzona.lt\/product\/darbinis-puskombinezonis-m-dydis\/"},"modified":"2026-05-16T00:39:14","modified_gmt":"2026-05-16T00:39:14","slug":"darbinis-puskombinezonis-m-dydis","status":"publish","type":"product","link":"https:\/\/irankiuzona.lt\/ru\/product\/darbinis-puskombinezonis-m-dydis\/","title":{"rendered":"Darbinis puskombinezonis, M dydis"},"content":{"rendered":"<p>med\u017eiaga: TC audinys, 65% poliesteris, 35% medviln\u0117;. 270 g\/m\u00b2;. Oxford 300D sutvirtinantis nugaros ir keli\u0173 pamink\u0161tinimas;. trigubos si\u016bl\u0117s;. Velcro u\u017esegamos ki\u0161en\u0117s ant keli\u0173;. pagamintas pagal EN ISO 13688;. 8 ki\u0161en\u0117s:- 1 u\u017epakalin\u0117 ki\u0161en\u0117 su atvartu;- 1 kr\u016btin\u0117s ki\u0161en\u0117, u\u017edengta atvartu;- 2 \u0161onin\u0117s ki\u0161en\u0117s;- 1 \u0161onin\u0117 ki\u0161en\u0117 su atvartu ir Velcro u\u017esegimu;- 1 \u0161onin\u0117 mobiliojo telefono ki\u0161en\u0117 su atvartu;- 1 ki\u0161en\u0117 su u\u017etrauktuku;- 1 liniuot\u0117s ki\u0161en\u0117;. galimyb\u0117 prailginti kelnes-kojas;. reguliuojamos petne\u0161os;. nugaros juosmens reguliavimas su elastine juostele ir sagomis kelni\u0173 \u0161one;. \u0161vies\u0105 atspindintys elementai \u2013 kelni\u0173 priekyje;. tamsiai pilka spalva su \u017ealiais akcentais;. universalus pritaikymas lengvojoje pramon\u0117je, automobili\u0173, transporto ir logistikos srityse, idealiai tinka renovacijai, statybai,sand\u0117lio, serviso ir techniniams darbams.<\/p>","protected":false},"excerpt":{"rendered":"<p>Darbinis puskombinezonis, M dydis<\/p>","protected":false},"featured_media":262688,"comment_status":"open","ping_status":"open","template":"","meta":[],"product_cat":[10006],"product_tag":[9969],"class_list":{"0":"post-262686","1":"product","2":"type-product","3":"status-publish","4":"has-post-thumbnail","6":"product_brand-hogert-technik-vokietija","7":"product_cat-darbiniai-puskombinezoniai","8":"product_tag-hogert-technik-vokietija","10":"first","11":"instock","12":"purchasable","13":"product-type-simple"},"jetpack_sharing_enabled":true,"_links":{"self":[{"href":"https:\/\/irankiuzona.lt\/ru\/wp-json\/wp\/v2\/product\/262686","targetHints":{"allow":["GET"]}}],"collection":[{"href":"https:\/\/irankiuzona.lt\/ru\/wp-json\/wp\/v2\/product"}],"about":[{"href":"https:\/\/irankiuzona.lt\/ru\/wp-json\/wp\/v2\/types\/product"}],"replies":[{"embeddable":true,"href":"https:\/\/irankiuzona.lt\/ru\/wp-json\/wp\/v2\/comments?post=262686"}],"version-history":[{"count":1,"href":"https:\/\/irankiuzona.lt\/ru\/wp-json\/wp\/v2\/product\/262686\/revisions"}],"predecessor-version":[{"id":422689,"href":"https:\/\/irankiuzona.lt\/ru\/wp-json\/wp\/v2\/product\/262686\/revisions\/422689"}],"wp:featuredmedia":[{"embeddable":true,"href":"https:\/\/irankiuzona.lt\/ru\/wp-json\/wp\/v2\/media\/262688"}],"wp:attachment":[{"href":"https:\/\/irankiuzona.lt\/ru\/wp-json\/wp\/v2\/media?parent=262686"}],"wp:term":[{"taxonomy":"product_cat","embeddable":true,"href":"https:\/\/irankiuzona.lt\/ru\/wp-json\/wp\/v2\/product_cat?post=262686"},{"taxonomy":"product_tag","embeddable":true,"href":"https:\/\/irankiuzona.lt\/ru\/wp-json\/wp\/v2\/product_tag?post=262686"}],"curies":[{"name":"wp","href":"https:\/\/api.w.org\/{rel}","templated":true}]}}