{"id":262707,"date":"2024-09-29T13:10:14","date_gmt":"2024-09-29T13:10:14","guid":{"rendered":"https:\/\/irankiuzona.lt\/product\/peilis-su-keiciamom-geleztem-18mm\/"},"modified":"2026-04-12T23:09:36","modified_gmt":"2026-04-12T23:09:36","slug":"peilis-su-keiciamom-geleztem-18mm","status":"publish","type":"product","link":"https:\/\/irankiuzona.lt\/ru\/product\/peilis-su-keiciamom-geleztem-18mm\/","title":{"rendered":"Peilis su kei\u010diamom gele\u017et\u0117m 18mm"},"content":{"rendered":"","protected":false},"excerpt":{"rendered":"<p>Peilis su kei\u010diamom gele\u017et\u0117m 18mm<\/p>","protected":false},"featured_media":262709,"comment_status":"open","ping_status":"open","template":"","meta":[],"product_cat":[9736],"product_tag":[9462],"class_list":{"0":"post-262707","1":"product","2":"type-product","3":"status-publish","4":"has-post-thumbnail","6":"product_brand-condor-werkzeug-vokietija","7":"product_cat-peiliukai-tapetams-geleztes-peiliai","8":"product_tag-condor-werkzeug-vokietija","10":"first","11":"outofstock","12":"purchasable","13":"product-type-simple"},"jetpack_sharing_enabled":true,"_links":{"self":[{"href":"https:\/\/irankiuzona.lt\/ru\/wp-json\/wp\/v2\/product\/262707","targetHints":{"allow":["GET"]}}],"collection":[{"href":"https:\/\/irankiuzona.lt\/ru\/wp-json\/wp\/v2\/product"}],"about":[{"href":"https:\/\/irankiuzona.lt\/ru\/wp-json\/wp\/v2\/types\/product"}],"replies":[{"embeddable":true,"href":"https:\/\/irankiuzona.lt\/ru\/wp-json\/wp\/v2\/comments?post=262707"}],"version-history":[{"count":1,"href":"https:\/\/irankiuzona.lt\/ru\/wp-json\/wp\/v2\/product\/262707\/revisions"}],"predecessor-version":[{"id":422693,"href":"https:\/\/irankiuzona.lt\/ru\/wp-json\/wp\/v2\/product\/262707\/revisions\/422693"}],"wp:featuredmedia":[{"embeddable":true,"href":"https:\/\/irankiuzona.lt\/ru\/wp-json\/wp\/v2\/media\/262709"}],"wp:attachment":[{"href":"https:\/\/irankiuzona.lt\/ru\/wp-json\/wp\/v2\/media?parent=262707"}],"wp:term":[{"taxonomy":"product_cat","embeddable":true,"href":"https:\/\/irankiuzona.lt\/ru\/wp-json\/wp\/v2\/product_cat?post=262707"},{"taxonomy":"product_tag","embeddable":true,"href":"https:\/\/irankiuzona.lt\/ru\/wp-json\/wp\/v2\/product_tag?post=262707"}],"curies":[{"name":"wp","href":"https:\/\/api.w.org\/{rel}","templated":true}]}}