{"id":262718,"date":"2024-09-29T13:10:15","date_gmt":"2024-09-29T13:10:15","guid":{"rendered":"https:\/\/irankiuzona.lt\/product\/terksliniu-raktu-komplektas-8-19mm-xcess-12vnt\/"},"modified":"2026-04-13T03:51:27","modified_gmt":"2026-04-13T03:51:27","slug":"terksliniu-raktu-komplektas-8-19mm-xcess-12vnt","status":"publish","type":"product","link":"https:\/\/irankiuzona.lt\/ru\/product\/terksliniu-raktu-komplektas-8-19mm-xcess-12vnt\/","title":{"rendered":"Terk\u0161lini\u0173 rakt\u0173 komplektas 8-19mm xcess 12vnt."},"content":{"rendered":"<p>Dyd\u017eiai: 8, 9, 10, 11, 12, 13, 14, 15, 16, 17, 18, 19 mmMed\u017eiaga: chromo vanad\u017eio plienas<\/p>","protected":false},"excerpt":{"rendered":"<p>Terk\u0161lini\u0173 rakt\u0173 komplektas 8-19mm xcess 12vnt.<\/p>","protected":false},"featured_media":262720,"comment_status":"open","ping_status":"open","template":"","meta":[],"product_cat":[9610],"product_tag":[9462],"class_list":{"0":"post-262718","1":"product","2":"type-product","3":"status-publish","4":"has-post-thumbnail","6":"product_brand-condor-werkzeug-vokietija","7":"product_cat-terksliniu-raktu-komplektai","8":"product_tag-condor-werkzeug-vokietija","10":"first","11":"instock","12":"purchasable","13":"product-type-simple"},"jetpack_sharing_enabled":true,"_links":{"self":[{"href":"https:\/\/irankiuzona.lt\/ru\/wp-json\/wp\/v2\/product\/262718","targetHints":{"allow":["GET"]}}],"collection":[{"href":"https:\/\/irankiuzona.lt\/ru\/wp-json\/wp\/v2\/product"}],"about":[{"href":"https:\/\/irankiuzona.lt\/ru\/wp-json\/wp\/v2\/types\/product"}],"replies":[{"embeddable":true,"href":"https:\/\/irankiuzona.lt\/ru\/wp-json\/wp\/v2\/comments?post=262718"}],"version-history":[{"count":1,"href":"https:\/\/irankiuzona.lt\/ru\/wp-json\/wp\/v2\/product\/262718\/revisions"}],"predecessor-version":[{"id":422697,"href":"https:\/\/irankiuzona.lt\/ru\/wp-json\/wp\/v2\/product\/262718\/revisions\/422697"}],"wp:featuredmedia":[{"embeddable":true,"href":"https:\/\/irankiuzona.lt\/ru\/wp-json\/wp\/v2\/media\/262720"}],"wp:attachment":[{"href":"https:\/\/irankiuzona.lt\/ru\/wp-json\/wp\/v2\/media?parent=262718"}],"wp:term":[{"taxonomy":"product_cat","embeddable":true,"href":"https:\/\/irankiuzona.lt\/ru\/wp-json\/wp\/v2\/product_cat?post=262718"},{"taxonomy":"product_tag","embeddable":true,"href":"https:\/\/irankiuzona.lt\/ru\/wp-json\/wp\/v2\/product_tag?post=262718"}],"curies":[{"name":"wp","href":"https:\/\/api.w.org\/{rel}","templated":true}]}}