{"id":262721,"date":"2024-09-29T13:10:16","date_gmt":"2024-09-29T13:10:16","guid":{"rendered":"https:\/\/irankiuzona.lt\/product\/alkuninio-veleno-fiksatorius-bmw-n20-n26\/"},"modified":"2026-04-13T01:06:22","modified_gmt":"2026-04-13T01:06:22","slug":"alkuninio-veleno-fiksatorius-bmw-n20-n26","status":"publish","type":"product","link":"https:\/\/irankiuzona.lt\/ru\/product\/alkuninio-veleno-fiksatorius-bmw-n20-n26\/","title":{"rendered":"Alk\u016bninio veleno fiksatorius BMW N20\/N26"},"content":{"rendered":"<p>1,6 ir 2,0 l 4 cilindr\u0173 benzininiams varikliams su automatine pavar\u0173 d\u0117\u017ee<br \/>\n BMW 1 serijos (F20\/21), 2 serijos (F22\/23\/87), 3 serijos (F30\/31\/34\/80), 4 serijos (F32\/33\/36\/82\/83) , 5 serija (F07\/10\/11), X1 (E84), X3 (F25), X4 (F26), X5 (F15\/85) ir Z4 (E89)\u00a0<br \/>\nVariklio kodai\u00a0N20B16A, N20B20, N20B20A, N20B20B, N26B20, N26B20A<\/p>","protected":false},"excerpt":{"rendered":"<p>Alk\u016bninio veleno fiksatorius BMW N20\/N26<\/p>","protected":false},"featured_media":262723,"comment_status":"open","ping_status":"open","template":"","meta":[],"product_cat":[9689],"product_tag":[9462],"class_list":{"0":"post-262721","1":"product","2":"type-product","3":"status-publish","4":"has-post-thumbnail","6":"product_brand-condor-werkzeug-vokietija","7":"product_cat-bmw-blokatoriai","8":"product_tag-condor-werkzeug-vokietija","10":"first","11":"instock","12":"purchasable","13":"product-type-simple"},"jetpack_sharing_enabled":true,"_links":{"self":[{"href":"https:\/\/irankiuzona.lt\/ru\/wp-json\/wp\/v2\/product\/262721","targetHints":{"allow":["GET"]}}],"collection":[{"href":"https:\/\/irankiuzona.lt\/ru\/wp-json\/wp\/v2\/product"}],"about":[{"href":"https:\/\/irankiuzona.lt\/ru\/wp-json\/wp\/v2\/types\/product"}],"replies":[{"embeddable":true,"href":"https:\/\/irankiuzona.lt\/ru\/wp-json\/wp\/v2\/comments?post=262721"}],"version-history":[{"count":1,"href":"https:\/\/irankiuzona.lt\/ru\/wp-json\/wp\/v2\/product\/262721\/revisions"}],"predecessor-version":[{"id":422698,"href":"https:\/\/irankiuzona.lt\/ru\/wp-json\/wp\/v2\/product\/262721\/revisions\/422698"}],"wp:featuredmedia":[{"embeddable":true,"href":"https:\/\/irankiuzona.lt\/ru\/wp-json\/wp\/v2\/media\/262723"}],"wp:attachment":[{"href":"https:\/\/irankiuzona.lt\/ru\/wp-json\/wp\/v2\/media?parent=262721"}],"wp:term":[{"taxonomy":"product_cat","embeddable":true,"href":"https:\/\/irankiuzona.lt\/ru\/wp-json\/wp\/v2\/product_cat?post=262721"},{"taxonomy":"product_tag","embeddable":true,"href":"https:\/\/irankiuzona.lt\/ru\/wp-json\/wp\/v2\/product_tag?post=262721"}],"curies":[{"name":"wp","href":"https:\/\/api.w.org\/{rel}","templated":true}]}}