{"id":262838,"date":"2024-09-29T13:10:27","date_gmt":"2024-09-29T13:10:27","guid":{"rendered":"https:\/\/irankiuzona.lt\/product\/teleskopinis-magnetas-laikiklis-iki-2-2kg-su-led-hoegert-ht4r507\/"},"modified":"2026-04-10T04:36:24","modified_gmt":"2026-04-10T04:36:24","slug":"teleskopinis-magnetas-laikiklis-iki-2-2kg-su-led-hoegert-ht4r507","status":"publish","type":"product","link":"https:\/\/irankiuzona.lt\/ru\/product\/teleskopinis-magnetas-laikiklis-iki-2-2kg-su-led-hoegert-ht4r507\/","title":{"rendered":"Teleskopinis magnetas laikiklis iki 2.2kg su LED -HOEGERT HT4R507"},"content":{"rendered":"<p>stiprus magnetas saugiam sukibimui;maksimalus k\u0117limas\u00a02,2 kg;teleskopin\u0117 str\u0117l\u0117 reguliuojama nuo 170 iki 570 mm;lankstus galas, skirtas patekti \u012f sunkiai pasiekiamas vietas;Magnetiniame gale \u012fmontuotas LED ap\u0161vietimas, skirtas ap\u0161viesti darbo viet\u0105;patvari, kompakti\u0161ka konstrukcija i\u0161 aliuminio;maitinamas 4 x LR44 baterijomis.<\/p>","protected":false},"excerpt":{"rendered":"<p>Teleskopinis magnetas laikiklis iki 2.2kg su LED<\/p>","protected":false},"featured_media":262840,"comment_status":"open","ping_status":"open","template":"","meta":[],"product_cat":[9539],"product_tag":[9969],"class_list":{"0":"post-262838","1":"product","2":"type-product","3":"status-publish","4":"has-post-thumbnail","6":"product_brand-hogert-technik-vokietija","7":"product_cat-griebtuvai-magnetai-veidrodeliai","8":"product_tag-hogert-technik-vokietija","10":"first","11":"instock","12":"purchasable","13":"product-type-simple"},"jetpack_sharing_enabled":true,"_links":{"self":[{"href":"https:\/\/irankiuzona.lt\/ru\/wp-json\/wp\/v2\/product\/262838","targetHints":{"allow":["GET"]}}],"collection":[{"href":"https:\/\/irankiuzona.lt\/ru\/wp-json\/wp\/v2\/product"}],"about":[{"href":"https:\/\/irankiuzona.lt\/ru\/wp-json\/wp\/v2\/types\/product"}],"replies":[{"embeddable":true,"href":"https:\/\/irankiuzona.lt\/ru\/wp-json\/wp\/v2\/comments?post=262838"}],"version-history":[{"count":1,"href":"https:\/\/irankiuzona.lt\/ru\/wp-json\/wp\/v2\/product\/262838\/revisions"}],"predecessor-version":[{"id":422738,"href":"https:\/\/irankiuzona.lt\/ru\/wp-json\/wp\/v2\/product\/262838\/revisions\/422738"}],"wp:featuredmedia":[{"embeddable":true,"href":"https:\/\/irankiuzona.lt\/ru\/wp-json\/wp\/v2\/media\/262840"}],"wp:attachment":[{"href":"https:\/\/irankiuzona.lt\/ru\/wp-json\/wp\/v2\/media?parent=262838"}],"wp:term":[{"taxonomy":"product_cat","embeddable":true,"href":"https:\/\/irankiuzona.lt\/ru\/wp-json\/wp\/v2\/product_cat?post=262838"},{"taxonomy":"product_tag","embeddable":true,"href":"https:\/\/irankiuzona.lt\/ru\/wp-json\/wp\/v2\/product_tag?post=262838"}],"curies":[{"name":"wp","href":"https:\/\/api.w.org\/{rel}","templated":true}]}}