{"id":262912,"date":"2024-09-29T13:10:34","date_gmt":"2024-09-29T13:10:34","guid":{"rendered":"https:\/\/irankiuzona.lt\/product\/pompa-chemikalams-adblue-plovikliams-30l-min\/"},"modified":"2026-05-09T16:44:45","modified_gmt":"2026-05-09T16:44:45","slug":"pompa-chemikalams-adblue-plovikliams-30l-min","status":"publish","type":"product","link":"https:\/\/irankiuzona.lt\/ru\/product\/pompa-chemikalams-adblue-plovikliams-30l-min\/","title":{"rendered":"Pompa chemikalams, AdBlue, plovikliams 30L\/min"},"content":{"rendered":"<p>\u0160is\u00a0siurblys yra prietaisas, leid\u017eiantis saugiai ir greitai siurbti ir perduoti kur\u0105 ir kenksmingus skys\u010dius, pvz., \u201eAdBlue\u201c, \u201eCarbe\u201c, DEP, SUS32, alkohol\u012f, etanol\u012f, amoniak\u0105 ar IBC ir vanden\u012f. Produktas\u00a0skirtas\u00a0u\u017epildyt vis\u0173 r\u016b\u0161i\u0173 transporto priemones.<\/p>\n<p>Techniniai duomenys:<br \/>\nMaitinimo \u0161altinis: 230 V\/50Hz<br \/>\nGalia: 550W<br \/>\nNa\u0161umas: 30L\/min<br \/>\nSl\u0117gis: 3 BAR<\/p>","protected":false},"excerpt":{"rendered":"<p>Pompa chemikalams,AdBlue,plovikliams 30L\/min<\/p>","protected":false},"featured_media":262914,"comment_status":"open","ping_status":"open","template":"","meta":[],"product_cat":[9960],"product_tag":[10087],"class_list":{"0":"post-262912","1":"product","2":"type-product","3":"status-publish","4":"has-post-thumbnail","6":"product_brand-verke","7":"product_cat-pompos-siurbliai-skysciams","8":"product_tag-verke","10":"first","11":"outofstock","12":"purchasable","13":"product-type-simple"},"jetpack_sharing_enabled":true,"_links":{"self":[{"href":"https:\/\/irankiuzona.lt\/ru\/wp-json\/wp\/v2\/product\/262912","targetHints":{"allow":["GET"]}}],"collection":[{"href":"https:\/\/irankiuzona.lt\/ru\/wp-json\/wp\/v2\/product"}],"about":[{"href":"https:\/\/irankiuzona.lt\/ru\/wp-json\/wp\/v2\/types\/product"}],"replies":[{"embeddable":true,"href":"https:\/\/irankiuzona.lt\/ru\/wp-json\/wp\/v2\/comments?post=262912"}],"version-history":[{"count":1,"href":"https:\/\/irankiuzona.lt\/ru\/wp-json\/wp\/v2\/product\/262912\/revisions"}],"predecessor-version":[{"id":422762,"href":"https:\/\/irankiuzona.lt\/ru\/wp-json\/wp\/v2\/product\/262912\/revisions\/422762"}],"wp:featuredmedia":[{"embeddable":true,"href":"https:\/\/irankiuzona.lt\/ru\/wp-json\/wp\/v2\/media\/262914"}],"wp:attachment":[{"href":"https:\/\/irankiuzona.lt\/ru\/wp-json\/wp\/v2\/media?parent=262912"}],"wp:term":[{"taxonomy":"product_cat","embeddable":true,"href":"https:\/\/irankiuzona.lt\/ru\/wp-json\/wp\/v2\/product_cat?post=262912"},{"taxonomy":"product_tag","embeddable":true,"href":"https:\/\/irankiuzona.lt\/ru\/wp-json\/wp\/v2\/product_tag?post=262912"}],"curies":[{"name":"wp","href":"https:\/\/api.w.org\/{rel}","templated":true}]}}