{"id":262930,"date":"2024-09-29T13:10:36","date_gmt":"2024-09-29T13:10:36","guid":{"rendered":"https:\/\/irankiuzona.lt\/product\/irankiai-stabdziu-sistemai-su-deklu-4vnt-hoegert-ht7g162\/"},"modified":"2026-05-10T06:22:36","modified_gmt":"2026-05-10T06:22:36","slug":"irankiai-stabdziu-sistemai-su-deklu-4vnt-hoegert-ht7g162","status":"publish","type":"product","link":"https:\/\/irankiuzona.lt\/ru\/product\/irankiai-stabdziu-sistemai-su-deklu-4vnt-hoegert-ht7g162\/","title":{"rendered":"\u012erankiai stabd\u017ei\u0173 sistemai su d\u0117klu 4vnt. -HOEGERT HT7G162"},"content":{"rendered":"","protected":false},"excerpt":{"rendered":"<p>\u012erankiai stabd\u017ei\u0173 sistemai su d\u0117klu 4vnt.<\/p>","protected":false},"featured_media":262932,"comment_status":"open","ping_status":"open","template":"","meta":[],"product_cat":[9870],"product_tag":[9969],"class_list":{"0":"post-262930","1":"product","2":"type-product","3":"status-publish","4":"has-post-thumbnail","6":"product_brand-hogert-technik-vokietija","7":"product_cat-deklai-i-vezimus-su-irankiais-ir-tusti","8":"product_tag-hogert-technik-vokietija","10":"first","11":"instock","12":"purchasable","13":"product-type-simple"},"jetpack_sharing_enabled":true,"_links":{"self":[{"href":"https:\/\/irankiuzona.lt\/ru\/wp-json\/wp\/v2\/product\/262930","targetHints":{"allow":["GET"]}}],"collection":[{"href":"https:\/\/irankiuzona.lt\/ru\/wp-json\/wp\/v2\/product"}],"about":[{"href":"https:\/\/irankiuzona.lt\/ru\/wp-json\/wp\/v2\/types\/product"}],"replies":[{"embeddable":true,"href":"https:\/\/irankiuzona.lt\/ru\/wp-json\/wp\/v2\/comments?post=262930"}],"version-history":[{"count":1,"href":"https:\/\/irankiuzona.lt\/ru\/wp-json\/wp\/v2\/product\/262930\/revisions"}],"predecessor-version":[{"id":422768,"href":"https:\/\/irankiuzona.lt\/ru\/wp-json\/wp\/v2\/product\/262930\/revisions\/422768"}],"wp:featuredmedia":[{"embeddable":true,"href":"https:\/\/irankiuzona.lt\/ru\/wp-json\/wp\/v2\/media\/262932"}],"wp:attachment":[{"href":"https:\/\/irankiuzona.lt\/ru\/wp-json\/wp\/v2\/media?parent=262930"}],"wp:term":[{"taxonomy":"product_cat","embeddable":true,"href":"https:\/\/irankiuzona.lt\/ru\/wp-json\/wp\/v2\/product_cat?post=262930"},{"taxonomy":"product_tag","embeddable":true,"href":"https:\/\/irankiuzona.lt\/ru\/wp-json\/wp\/v2\/product_tag?post=262930"}],"curies":[{"name":"wp","href":"https:\/\/api.w.org\/{rel}","templated":true}]}}