{"id":262933,"date":"2024-09-29T13:10:36","date_gmt":"2024-09-29T13:10:36","guid":{"rendered":"https:\/\/irankiuzona.lt\/product\/darbiniai-batai-s1p-src-43-dydis\/"},"modified":"2026-03-03T13:55:56","modified_gmt":"2026-03-03T13:55:56","slug":"darbiniai-batai-s1p-src-43-dydis","status":"publish","type":"product","link":"https:\/\/irankiuzona.lt\/ru\/product\/darbiniai-batai-s1p-src-43-dydis\/","title":{"rendered":"Darbiniai batai S1P SRC 43 dydis"},"content":{"rendered":"<p>. pagaminta pagal standart\u0105, nurodant\u012f reikalavimus apsauginei avalynei \u2013 ISO 20345: 2011;. saugos avalyn\u0117s, skirtos naudoti darbe, kategorija \u2013 S1P;. turi neslidumo savybes \u2013 SRC;. pagamintas i\u0161 nat\u016bralios odos;. turi antielektrostatini\u0173 savybi\u0173;. sustiprintas kulnas;. pamu\u0161alas i\u0161 kv\u0117puojan\u010dio tinklinio audinio, u\u017etikrinantis ger\u0105 v\u0117dinim\u0105;. plieninis pir\u0161t\u0173 dangtelis, skirtas pagerinti koj\u0173 pir\u0161t\u0173 apsaug\u0105;. atsparus dyzelinui ir tepalams;. megztas pamu\u0161alas;. plieninis \u012fd\u0117klas, apsaugantis nuo prad\u016brim\u0173;. optimalus prigludimas prie p\u0117dos u\u017etikrina patog\u0173 naudojim\u0105.<\/p>","protected":false},"excerpt":{"rendered":"<p>Darbiniai batai S1P SRC 43 dydis<\/p>","protected":false},"featured_media":262935,"comment_status":"open","ping_status":"open","template":"","meta":[],"product_cat":[9981],"product_tag":[9969],"class_list":{"0":"post-262933","1":"product","2":"type-product","3":"status-publish","4":"has-post-thumbnail","6":"product_brand-hogert-technik-vokietija","7":"product_cat-hoegert","8":"product_tag-hogert-technik-vokietija","10":"first","11":"outofstock","12":"purchasable","13":"product-type-simple"},"jetpack_sharing_enabled":true,"_links":{"self":[{"href":"https:\/\/irankiuzona.lt\/ru\/wp-json\/wp\/v2\/product\/262933","targetHints":{"allow":["GET"]}}],"collection":[{"href":"https:\/\/irankiuzona.lt\/ru\/wp-json\/wp\/v2\/product"}],"about":[{"href":"https:\/\/irankiuzona.lt\/ru\/wp-json\/wp\/v2\/types\/product"}],"replies":[{"embeddable":true,"href":"https:\/\/irankiuzona.lt\/ru\/wp-json\/wp\/v2\/comments?post=262933"}],"version-history":[{"count":1,"href":"https:\/\/irankiuzona.lt\/ru\/wp-json\/wp\/v2\/product\/262933\/revisions"}],"predecessor-version":[{"id":422769,"href":"https:\/\/irankiuzona.lt\/ru\/wp-json\/wp\/v2\/product\/262933\/revisions\/422769"}],"wp:featuredmedia":[{"embeddable":true,"href":"https:\/\/irankiuzona.lt\/ru\/wp-json\/wp\/v2\/media\/262935"}],"wp:attachment":[{"href":"https:\/\/irankiuzona.lt\/ru\/wp-json\/wp\/v2\/media?parent=262933"}],"wp:term":[{"taxonomy":"product_cat","embeddable":true,"href":"https:\/\/irankiuzona.lt\/ru\/wp-json\/wp\/v2\/product_cat?post=262933"},{"taxonomy":"product_tag","embeddable":true,"href":"https:\/\/irankiuzona.lt\/ru\/wp-json\/wp\/v2\/product_tag?post=262933"}],"curies":[{"name":"wp","href":"https:\/\/api.w.org\/{rel}","templated":true}]}}