{"id":262936,"date":"2024-09-29T13:10:37","date_gmt":"2024-09-29T13:10:37","guid":{"rendered":"https:\/\/irankiuzona.lt\/product\/irankiu-komplektas-su-deklu-53vnt-hoegert-ht7g153\/"},"modified":"2026-05-10T07:21:46","modified_gmt":"2026-05-10T07:21:46","slug":"irankiu-komplektas-su-deklu-53vnt-hoegert-ht7g153","status":"publish","type":"product","link":"https:\/\/irankiuzona.lt\/ru\/product\/irankiu-komplektas-su-deklu-53vnt-hoegert-ht7g153\/","title":{"rendered":"\u012eranki\u0173 komplektas su d\u0117klu 53vnt. -HOEGERT HT7G153"},"content":{"rendered":"","protected":false},"excerpt":{"rendered":"<p>\u012eranki\u0173 komplektas su d\u0117klu 53vnt.<\/p>","protected":false},"featured_media":262938,"comment_status":"open","ping_status":"open","template":"","meta":[],"product_cat":[9870],"product_tag":[9969],"class_list":{"0":"post-262936","1":"product","2":"type-product","3":"status-publish","4":"has-post-thumbnail","6":"product_brand-hogert-technik-vokietija","7":"product_cat-deklai-i-vezimus-su-irankiais-ir-tusti","8":"product_tag-hogert-technik-vokietija","10":"first","11":"instock","12":"purchasable","13":"product-type-simple"},"jetpack_sharing_enabled":true,"_links":{"self":[{"href":"https:\/\/irankiuzona.lt\/ru\/wp-json\/wp\/v2\/product\/262936","targetHints":{"allow":["GET"]}}],"collection":[{"href":"https:\/\/irankiuzona.lt\/ru\/wp-json\/wp\/v2\/product"}],"about":[{"href":"https:\/\/irankiuzona.lt\/ru\/wp-json\/wp\/v2\/types\/product"}],"replies":[{"embeddable":true,"href":"https:\/\/irankiuzona.lt\/ru\/wp-json\/wp\/v2\/comments?post=262936"}],"version-history":[{"count":1,"href":"https:\/\/irankiuzona.lt\/ru\/wp-json\/wp\/v2\/product\/262936\/revisions"}],"predecessor-version":[{"id":422770,"href":"https:\/\/irankiuzona.lt\/ru\/wp-json\/wp\/v2\/product\/262936\/revisions\/422770"}],"wp:featuredmedia":[{"embeddable":true,"href":"https:\/\/irankiuzona.lt\/ru\/wp-json\/wp\/v2\/media\/262938"}],"wp:attachment":[{"href":"https:\/\/irankiuzona.lt\/ru\/wp-json\/wp\/v2\/media?parent=262936"}],"wp:term":[{"taxonomy":"product_cat","embeddable":true,"href":"https:\/\/irankiuzona.lt\/ru\/wp-json\/wp\/v2\/product_cat?post=262936"},{"taxonomy":"product_tag","embeddable":true,"href":"https:\/\/irankiuzona.lt\/ru\/wp-json\/wp\/v2\/product_tag?post=262936"}],"curies":[{"name":"wp","href":"https:\/\/api.w.org\/{rel}","templated":true}]}}