{"id":262981,"date":"2024-09-29T13:10:41","date_gmt":"2024-09-29T13:10:41","guid":{"rendered":"https:\/\/irankiuzona.lt\/product\/magnetu-ir-veidrodeliu-komplektas-5vnt\/"},"modified":"2026-04-11T09:59:35","modified_gmt":"2026-04-11T09:59:35","slug":"magnetu-ir-veidrodeliu-komplektas-5vnt","status":"publish","type":"product","link":"https:\/\/irankiuzona.lt\/ru\/product\/magnetu-ir-veidrodeliu-komplektas-5vnt\/","title":{"rendered":"Magnet\u0173 ir veidrod\u0117li\u0173 komplektas 5vnt."},"content":{"rendered":"","protected":false},"excerpt":{"rendered":"<p>Magnet\u0173 ir veidrod\u0117li\u0173 komplektas 5vnt.<\/p>","protected":false},"featured_media":262983,"comment_status":"open","ping_status":"open","template":"","meta":[],"product_cat":[9539],"product_tag":[10130],"class_list":{"0":"post-262981","1":"product","2":"type-product","3":"status-publish","4":"has-post-thumbnail","6":"product_brand-satra-lenkija","7":"product_cat-griebtuvai-magnetai-veidrodeliai","8":"product_tag-satra-lenkija","10":"first","11":"instock","12":"purchasable","13":"product-type-simple"},"jetpack_sharing_enabled":true,"_links":{"self":[{"href":"https:\/\/irankiuzona.lt\/ru\/wp-json\/wp\/v2\/product\/262981","targetHints":{"allow":["GET"]}}],"collection":[{"href":"https:\/\/irankiuzona.lt\/ru\/wp-json\/wp\/v2\/product"}],"about":[{"href":"https:\/\/irankiuzona.lt\/ru\/wp-json\/wp\/v2\/types\/product"}],"replies":[{"embeddable":true,"href":"https:\/\/irankiuzona.lt\/ru\/wp-json\/wp\/v2\/comments?post=262981"}],"version-history":[{"count":1,"href":"https:\/\/irankiuzona.lt\/ru\/wp-json\/wp\/v2\/product\/262981\/revisions"}],"predecessor-version":[{"id":422785,"href":"https:\/\/irankiuzona.lt\/ru\/wp-json\/wp\/v2\/product\/262981\/revisions\/422785"}],"wp:featuredmedia":[{"embeddable":true,"href":"https:\/\/irankiuzona.lt\/ru\/wp-json\/wp\/v2\/media\/262983"}],"wp:attachment":[{"href":"https:\/\/irankiuzona.lt\/ru\/wp-json\/wp\/v2\/media?parent=262981"}],"wp:term":[{"taxonomy":"product_cat","embeddable":true,"href":"https:\/\/irankiuzona.lt\/ru\/wp-json\/wp\/v2\/product_cat?post=262981"},{"taxonomy":"product_tag","embeddable":true,"href":"https:\/\/irankiuzona.lt\/ru\/wp-json\/wp\/v2\/product_tag?post=262981"}],"curies":[{"name":"wp","href":"https:\/\/api.w.org\/{rel}","templated":true}]}}