{"id":262990,"date":"2024-09-29T13:10:42","date_gmt":"2024-09-29T13:10:42","guid":{"rendered":"https:\/\/irankiuzona.lt\/product\/soniniu-raktu-komplektas-3-8-10-19mm-10vnt\/"},"modified":"2026-05-16T22:57:24","modified_gmt":"2026-05-16T22:57:24","slug":"soniniu-raktu-komplektas-3-8-10-19mm-10vnt","status":"publish","type":"product","link":"https:\/\/irankiuzona.lt\/ru\/product\/soniniu-raktu-komplektas-3-8-10-19mm-10vnt\/","title":{"rendered":"\u0160onini\u0173 rakt\u0173 komplektas 3\/8&quot; (10-19mm) 10vnt."},"content":{"rendered":"<p>10,11,12,13,14,15,16,17,18,19mm<\/p>","protected":false},"excerpt":{"rendered":"<p>\u0160onini\u0173 rakt\u0173 komplektas 3\/8&quot; (10-19mm) 10vnt.<\/p>","protected":false},"featured_media":262992,"comment_status":"open","ping_status":"open","template":"","meta":[],"product_cat":[9585],"product_tag":[10131],"class_list":{"0":"post-262990","1":"product","2":"type-product","3":"status-publish","4":"has-post-thumbnail","6":"product_brand-asta-lenkija","7":"product_cat-irankiai-kuro-vamzdeliams","8":"product_tag-asta-lenkija","10":"first","11":"instock","12":"purchasable","13":"product-type-simple"},"jetpack_sharing_enabled":true,"_links":{"self":[{"href":"https:\/\/irankiuzona.lt\/ru\/wp-json\/wp\/v2\/product\/262990","targetHints":{"allow":["GET"]}}],"collection":[{"href":"https:\/\/irankiuzona.lt\/ru\/wp-json\/wp\/v2\/product"}],"about":[{"href":"https:\/\/irankiuzona.lt\/ru\/wp-json\/wp\/v2\/types\/product"}],"replies":[{"embeddable":true,"href":"https:\/\/irankiuzona.lt\/ru\/wp-json\/wp\/v2\/comments?post=262990"}],"version-history":[{"count":1,"href":"https:\/\/irankiuzona.lt\/ru\/wp-json\/wp\/v2\/product\/262990\/revisions"}],"predecessor-version":[{"id":422788,"href":"https:\/\/irankiuzona.lt\/ru\/wp-json\/wp\/v2\/product\/262990\/revisions\/422788"}],"wp:featuredmedia":[{"embeddable":true,"href":"https:\/\/irankiuzona.lt\/ru\/wp-json\/wp\/v2\/media\/262992"}],"wp:attachment":[{"href":"https:\/\/irankiuzona.lt\/ru\/wp-json\/wp\/v2\/media?parent=262990"}],"wp:term":[{"taxonomy":"product_cat","embeddable":true,"href":"https:\/\/irankiuzona.lt\/ru\/wp-json\/wp\/v2\/product_cat?post=262990"},{"taxonomy":"product_tag","embeddable":true,"href":"https:\/\/irankiuzona.lt\/ru\/wp-json\/wp\/v2\/product_tag?post=262990"}],"curies":[{"name":"wp","href":"https:\/\/api.w.org\/{rel}","templated":true}]}}