{"id":262993,"date":"2024-09-29T13:10:42","date_gmt":"2024-09-29T13:10:42","guid":{"rendered":"https:\/\/irankiuzona.lt\/product\/reples-ausinimo-savarzoms-230mm\/"},"modified":"2026-02-02T12:45:07","modified_gmt":"2026-02-02T12:45:07","slug":"reples-ausinimo-savarzoms-230mm","status":"publish","type":"product","link":"https:\/\/irankiuzona.lt\/ru\/product\/reples-ausinimo-savarzoms-230mm\/","title":{"rendered":"Repl\u0117s au\u0161inimo s\u0105var\u017eoms 230mm"},"content":{"rendered":"","protected":false},"excerpt":{"rendered":"<p>Repl\u0117s au\u0161inimo s\u0105var\u017eoms 230mm<\/p>","protected":false},"featured_media":262995,"comment_status":"open","ping_status":"open","template":"","meta":[],"product_cat":[9563],"product_tag":[10130],"class_list":{"0":"post-262993","1":"product","2":"type-product","3":"status-publish","4":"has-post-thumbnail","6":"product_brand-satra-lenkija","7":"product_cat-irankiai-ausinimo-sistemai","8":"product_tag-satra-lenkija","10":"first","11":"instock","12":"purchasable","13":"product-type-simple"},"jetpack_sharing_enabled":true,"_links":{"self":[{"href":"https:\/\/irankiuzona.lt\/ru\/wp-json\/wp\/v2\/product\/262993","targetHints":{"allow":["GET"]}}],"collection":[{"href":"https:\/\/irankiuzona.lt\/ru\/wp-json\/wp\/v2\/product"}],"about":[{"href":"https:\/\/irankiuzona.lt\/ru\/wp-json\/wp\/v2\/types\/product"}],"replies":[{"embeddable":true,"href":"https:\/\/irankiuzona.lt\/ru\/wp-json\/wp\/v2\/comments?post=262993"}],"version-history":[{"count":1,"href":"https:\/\/irankiuzona.lt\/ru\/wp-json\/wp\/v2\/product\/262993\/revisions"}],"predecessor-version":[{"id":422789,"href":"https:\/\/irankiuzona.lt\/ru\/wp-json\/wp\/v2\/product\/262993\/revisions\/422789"}],"wp:featuredmedia":[{"embeddable":true,"href":"https:\/\/irankiuzona.lt\/ru\/wp-json\/wp\/v2\/media\/262995"}],"wp:attachment":[{"href":"https:\/\/irankiuzona.lt\/ru\/wp-json\/wp\/v2\/media?parent=262993"}],"wp:term":[{"taxonomy":"product_cat","embeddable":true,"href":"https:\/\/irankiuzona.lt\/ru\/wp-json\/wp\/v2\/product_cat?post=262993"},{"taxonomy":"product_tag","embeddable":true,"href":"https:\/\/irankiuzona.lt\/ru\/wp-json\/wp\/v2\/product_tag?post=262993"}],"curies":[{"name":"wp","href":"https:\/\/api.w.org\/{rel}","templated":true}]}}