{"id":263100,"date":"2024-09-29T13:10:52","date_gmt":"2024-09-29T13:10:52","guid":{"rendered":"https:\/\/irankiuzona.lt\/product\/lekstute-tepalo-filtrui-lexus-toyota-645mm-14-kampu\/"},"modified":"2026-04-14T21:31:54","modified_gmt":"2026-04-14T21:31:54","slug":"lekstute-tepalo-filtrui-lexus-toyota-645mm-14-kampu","status":"publish","type":"product","link":"https:\/\/irankiuzona.lt\/ru\/product\/lekstute-tepalo-filtrui-lexus-toyota-645mm-14-kampu\/","title":{"rendered":"L\u0117k\u0161tut\u0117 tepalo filtrui Lexus\/Toyota 64,5mm 14-kamp\u0173"},"content":{"rendered":"<p>Lexus 3.5l V6 GS300 (06 -), IS250 (2006 -), IS350 (2006 -) ES350 (2007 -) GS350 (2007 -) GS450H (2007 &#8211; ) LS460 (2007 -) RX350 (2007 -) LS600H (2008 -); Toyota (07-08) 3.5l V6<\/p>","protected":false},"excerpt":{"rendered":"<p>L\u0117k\u0161tut\u0117 tepalo filtrui Lexus\/Toyota 64,5mm 14-kamp\u0173<\/p>","protected":false},"featured_media":195338,"comment_status":"open","ping_status":"open","template":"","meta":[],"product_cat":[9705],"product_tag":[10130],"class_list":{"0":"post-263100","1":"product","2":"type-product","3":"status-publish","4":"has-post-thumbnail","6":"product_brand-satra-lenkija","7":"product_cat-galvutes-tepalo-filtrui","8":"product_tag-satra-lenkija","10":"first","11":"instock","12":"purchasable","13":"product-type-simple"},"jetpack_sharing_enabled":true,"_links":{"self":[{"href":"https:\/\/irankiuzona.lt\/ru\/wp-json\/wp\/v2\/product\/263100","targetHints":{"allow":["GET"]}}],"collection":[{"href":"https:\/\/irankiuzona.lt\/ru\/wp-json\/wp\/v2\/product"}],"about":[{"href":"https:\/\/irankiuzona.lt\/ru\/wp-json\/wp\/v2\/types\/product"}],"replies":[{"embeddable":true,"href":"https:\/\/irankiuzona.lt\/ru\/wp-json\/wp\/v2\/comments?post=263100"}],"version-history":[{"count":1,"href":"https:\/\/irankiuzona.lt\/ru\/wp-json\/wp\/v2\/product\/263100\/revisions"}],"predecessor-version":[{"id":422825,"href":"https:\/\/irankiuzona.lt\/ru\/wp-json\/wp\/v2\/product\/263100\/revisions\/422825"}],"wp:featuredmedia":[{"embeddable":true,"href":"https:\/\/irankiuzona.lt\/ru\/wp-json\/wp\/v2\/media\/195338"}],"wp:attachment":[{"href":"https:\/\/irankiuzona.lt\/ru\/wp-json\/wp\/v2\/media?parent=263100"}],"wp:term":[{"taxonomy":"product_cat","embeddable":true,"href":"https:\/\/irankiuzona.lt\/ru\/wp-json\/wp\/v2\/product_cat?post=263100"},{"taxonomy":"product_tag","embeddable":true,"href":"https:\/\/irankiuzona.lt\/ru\/wp-json\/wp\/v2\/product_tag?post=263100"}],"curies":[{"name":"wp","href":"https:\/\/api.w.org\/{rel}","templated":true}]}}