{"id":263111,"date":"2024-09-29T13:10:53","date_gmt":"2024-09-29T13:10:53","guid":{"rendered":"https:\/\/irankiuzona.lt\/product\/valymo-komplektas-21vnt\/"},"modified":"2026-05-15T11:06:52","modified_gmt":"2026-05-15T11:06:52","slug":"valymo-komplektas-21vnt","status":"publish","type":"product","link":"https:\/\/irankiuzona.lt\/ru\/product\/valymo-komplektas-21vnt\/","title":{"rendered":"Valymo komplektas 21vnt"},"content":{"rendered":"<p>1 x 50mm \u0161epetys, Med\u017eiaga: polipropilenas, r\u016bg\u0161tims atsparus pluo\u0161tas.<br \/>\n1 x 89mm k\u016bginis \u0161epetys, Med\u017eiaga: polipropilenas, r\u016bg\u0161tims atsparus pluo\u0161tas.<br \/>\n1 x 102mm \u0161epetys, Med\u017eiaga: polipropilenas, r\u016bg\u0161tims atsparus pluo\u0161tas.<br \/>\n1 x 127mm \u0161epetys, Med\u017eiaga: polipropilenas, r\u016bg\u0161tims atsparus pluo\u0161tas.<br \/>\n12 x 102 mm Velcro pagalv\u0117l\u0117 valymui.<br \/>\n2 x 102 mm Velcro poliravimo kempin\u0117.<br \/>\n1 x 102 mm Velcro diskas.<br \/>\n1 x 150 mm 1\/4&quot; prailginimas.<br \/>\n1 x 300 mm 1\/4&quot; lankstus prailginimas.<\/p>","protected":false},"excerpt":{"rendered":"<p>Valymo komplektas 21vnt<\/p>","protected":false},"featured_media":263113,"comment_status":"open","ping_status":"open","template":"","meta":[],"product_cat":[9450],"product_tag":[10130],"class_list":{"0":"post-263111","1":"product","2":"type-product","3":"status-publish","4":"has-post-thumbnail","6":"product_brand-satra-lenkija","7":"product_cat-sepeciai-greztuvui-slif-pj-irankiui","8":"product_tag-satra-lenkija","10":"first","11":"instock","12":"purchasable","13":"product-type-simple"},"jetpack_sharing_enabled":true,"_links":{"self":[{"href":"https:\/\/irankiuzona.lt\/ru\/wp-json\/wp\/v2\/product\/263111","targetHints":{"allow":["GET"]}}],"collection":[{"href":"https:\/\/irankiuzona.lt\/ru\/wp-json\/wp\/v2\/product"}],"about":[{"href":"https:\/\/irankiuzona.lt\/ru\/wp-json\/wp\/v2\/types\/product"}],"replies":[{"embeddable":true,"href":"https:\/\/irankiuzona.lt\/ru\/wp-json\/wp\/v2\/comments?post=263111"}],"version-history":[{"count":1,"href":"https:\/\/irankiuzona.lt\/ru\/wp-json\/wp\/v2\/product\/263111\/revisions"}],"predecessor-version":[{"id":422829,"href":"https:\/\/irankiuzona.lt\/ru\/wp-json\/wp\/v2\/product\/263111\/revisions\/422829"}],"wp:featuredmedia":[{"embeddable":true,"href":"https:\/\/irankiuzona.lt\/ru\/wp-json\/wp\/v2\/media\/263113"}],"wp:attachment":[{"href":"https:\/\/irankiuzona.lt\/ru\/wp-json\/wp\/v2\/media?parent=263111"}],"wp:term":[{"taxonomy":"product_cat","embeddable":true,"href":"https:\/\/irankiuzona.lt\/ru\/wp-json\/wp\/v2\/product_cat?post=263111"},{"taxonomy":"product_tag","embeddable":true,"href":"https:\/\/irankiuzona.lt\/ru\/wp-json\/wp\/v2\/product_tag?post=263111"}],"curies":[{"name":"wp","href":"https:\/\/api.w.org\/{rel}","templated":true}]}}