{"id":263114,"date":"2024-09-29T13:10:54","date_gmt":"2024-09-29T13:10:54","guid":{"rendered":"https:\/\/irankiuzona.lt\/product\/indikatorius-su-magnetiniu-laikikliu-plastikinej-dezutej\/"},"modified":"2026-05-15T13:36:19","modified_gmt":"2026-05-15T13:36:19","slug":"indikatorius-su-magnetiniu-laikikliu-plastikinej-dezutej","status":"publish","type":"product","link":"https:\/\/irankiuzona.lt\/ru\/product\/indikatorius-su-magnetiniu-laikikliu-plastikinej-dezutej\/","title":{"rendered":"Indikatorius su magnetiniu laikikliu plastikin\u0117j d\u0117\u017eut\u0117j"},"content":{"rendered":"<p>Skaitiklio rodmuo yra 0,01 mm, o matavimo diapazonas yra 0\u201310 mm.<\/p>","protected":false},"excerpt":{"rendered":"<p>Indikatorius su magnetiniu laikikliu plastikin\u0117j d\u0117\u017eut\u0117j<\/p>","protected":false},"featured_media":263116,"comment_status":"open","ping_status":"open","template":"","meta":[],"product_cat":[9550],"product_tag":[10130],"class_list":{"0":"post-263114","1":"product","2":"type-product","3":"status-publish","4":"has-post-thumbnail","6":"product_brand-satra-lenkija","7":"product_cat-kiti-matuokliai-stetoskopai-termometrai-karbiuratoriams","8":"product_tag-satra-lenkija","10":"first","11":"instock","12":"purchasable","13":"product-type-simple"},"jetpack_sharing_enabled":true,"_links":{"self":[{"href":"https:\/\/irankiuzona.lt\/ru\/wp-json\/wp\/v2\/product\/263114","targetHints":{"allow":["GET"]}}],"collection":[{"href":"https:\/\/irankiuzona.lt\/ru\/wp-json\/wp\/v2\/product"}],"about":[{"href":"https:\/\/irankiuzona.lt\/ru\/wp-json\/wp\/v2\/types\/product"}],"replies":[{"embeddable":true,"href":"https:\/\/irankiuzona.lt\/ru\/wp-json\/wp\/v2\/comments?post=263114"}],"version-history":[{"count":1,"href":"https:\/\/irankiuzona.lt\/ru\/wp-json\/wp\/v2\/product\/263114\/revisions"}],"predecessor-version":[{"id":422830,"href":"https:\/\/irankiuzona.lt\/ru\/wp-json\/wp\/v2\/product\/263114\/revisions\/422830"}],"wp:featuredmedia":[{"embeddable":true,"href":"https:\/\/irankiuzona.lt\/ru\/wp-json\/wp\/v2\/media\/263116"}],"wp:attachment":[{"href":"https:\/\/irankiuzona.lt\/ru\/wp-json\/wp\/v2\/media?parent=263114"}],"wp:term":[{"taxonomy":"product_cat","embeddable":true,"href":"https:\/\/irankiuzona.lt\/ru\/wp-json\/wp\/v2\/product_cat?post=263114"},{"taxonomy":"product_tag","embeddable":true,"href":"https:\/\/irankiuzona.lt\/ru\/wp-json\/wp\/v2\/product_tag?post=263114"}],"curies":[{"name":"wp","href":"https:\/\/api.w.org\/{rel}","templated":true}]}}