{"id":263144,"date":"2024-09-29T13:10:57","date_gmt":"2024-09-29T13:10:57","guid":{"rendered":"https:\/\/irankiuzona.lt\/product\/smuginiu-galvuciu-komplektas-1-2-cr-mo-40vnt\/"},"modified":"2026-04-13T12:12:25","modified_gmt":"2026-04-13T12:12:25","slug":"smuginiu-galvuciu-komplektas-1-2-cr-mo-40vnt","status":"publish","type":"product","link":"https:\/\/irankiuzona.lt\/ru\/product\/smuginiu-galvuciu-komplektas-1-2-cr-mo-40vnt\/","title":{"rendered":"Sm\u016bgini\u0173 galvu\u010di\u0173 komplektas 1\/2 Cr-mo 40vnt"},"content":{"rendered":"<p>19 pcs. trumpos galvos: 9, 10, 11, 12, 13, 14, 15, 16, 17, 18, 19, 21, 22, 23, 24, 26, 27, 30mm<br \/>\n19\u00a0vnt.\u00a0ilgos galvos: 9, 10, 11, 12, 13, 14, 15, 16, 17, 18, 19, 21, 22, 23, 24, 26, 27, 30mm<br \/>\n1 prailgintuvas 125mm &#8211; 1\/2&quot;<br \/>\n1 \u0161arnyras &#8211; 1\/2&quot;<\/p>","protected":false},"excerpt":{"rendered":"<p>Sm\u016bgini\u0173 galvu\u010di\u0173 komplektas 1\/2 Cr-mo 40vnt<\/p>","protected":false},"featured_media":263146,"comment_status":"open","ping_status":"open","template":"","meta":[],"product_cat":[9988],"product_tag":[10131],"class_list":{"0":"post-263144","1":"product","2":"type-product","3":"status-publish","4":"has-post-thumbnail","6":"product_brand-asta-lenkija","7":"product_cat-smuginiu-sesiakampiu-galvuciu-komplektai","8":"product_tag-asta-lenkija","10":"first","11":"instock","12":"purchasable","13":"product-type-simple"},"jetpack_sharing_enabled":true,"_links":{"self":[{"href":"https:\/\/irankiuzona.lt\/ru\/wp-json\/wp\/v2\/product\/263144","targetHints":{"allow":["GET"]}}],"collection":[{"href":"https:\/\/irankiuzona.lt\/ru\/wp-json\/wp\/v2\/product"}],"about":[{"href":"https:\/\/irankiuzona.lt\/ru\/wp-json\/wp\/v2\/types\/product"}],"replies":[{"embeddable":true,"href":"https:\/\/irankiuzona.lt\/ru\/wp-json\/wp\/v2\/comments?post=263144"}],"version-history":[{"count":1,"href":"https:\/\/irankiuzona.lt\/ru\/wp-json\/wp\/v2\/product\/263144\/revisions"}],"predecessor-version":[{"id":422840,"href":"https:\/\/irankiuzona.lt\/ru\/wp-json\/wp\/v2\/product\/263144\/revisions\/422840"}],"wp:featuredmedia":[{"embeddable":true,"href":"https:\/\/irankiuzona.lt\/ru\/wp-json\/wp\/v2\/media\/263146"}],"wp:attachment":[{"href":"https:\/\/irankiuzona.lt\/ru\/wp-json\/wp\/v2\/media?parent=263144"}],"wp:term":[{"taxonomy":"product_cat","embeddable":true,"href":"https:\/\/irankiuzona.lt\/ru\/wp-json\/wp\/v2\/product_cat?post=263144"},{"taxonomy":"product_tag","embeddable":true,"href":"https:\/\/irankiuzona.lt\/ru\/wp-json\/wp\/v2\/product_tag?post=263144"}],"curies":[{"name":"wp","href":"https:\/\/api.w.org\/{rel}","templated":true}]}}