{"id":263153,"date":"2024-09-29T13:10:58","date_gmt":"2024-09-29T13:10:58","guid":{"rendered":"https:\/\/irankiuzona.lt\/product\/prozektorius-kraunamas-cob-led-125-lm\/"},"modified":"2026-02-13T11:00:37","modified_gmt":"2026-02-13T11:00:37","slug":"prozektorius-kraunamas-cob-led-125-lm","status":"publish","type":"product","link":"https:\/\/irankiuzona.lt\/ru\/product\/prozektorius-kraunamas-cob-led-125-lm\/","title":{"rendered":"Pro\u017eektorius kraunamas COB-LED 125 lm"},"content":{"rendered":"<p>2 funkcijos: rankin\u0117 lempa ir \u017eibintuv\u0117lis2 galios lygiailanksti galva 180\u00b0stiprus magnetas ir i\u0161skleid\u017eiamas kablysplonas dizainas, tik 13 mm korpuso storissu dir\u017eo laikikliupro\u017eektorius: 920\u00a0Lux\u00a0\/ 120 liumen\u0173 (High Power Cree XP-G2 LED), veikimo laikas apytiksl. 6 valandos1 lygis (50 %): 100\u00a0Lux \/ 100 liumen\u0173, veikimo laikas apytiksl. 6 valandos2 lygis (100%): 200 Lux\/ 200 liumen\u0173, veikimo laikas apytiksl. 3 valandosLi\u010dio jon\u0173 \u012fkraunama baterija, \u012fkrovimo laikas apytiksl. 3 valandos<\/p>","protected":false},"excerpt":{"rendered":"<p>Pro\u017eektorius kraunamas COB-LED 125 lm<\/p>","protected":false},"featured_media":263155,"comment_status":"open","ping_status":"open","template":"","meta":[],"product_cat":[9807],"product_tag":[9462],"class_list":{"0":"post-263153","1":"product","2":"type-product","3":"status-publish","4":"has-post-thumbnail","6":"product_brand-condor-werkzeug-vokietija","7":"product_cat-ikraunamos-lempos-prozektoriai","8":"product_tag-condor-werkzeug-vokietija","10":"first","11":"outofstock","12":"purchasable","13":"product-type-simple"},"jetpack_sharing_enabled":true,"_links":{"self":[{"href":"https:\/\/irankiuzona.lt\/ru\/wp-json\/wp\/v2\/product\/263153","targetHints":{"allow":["GET"]}}],"collection":[{"href":"https:\/\/irankiuzona.lt\/ru\/wp-json\/wp\/v2\/product"}],"about":[{"href":"https:\/\/irankiuzona.lt\/ru\/wp-json\/wp\/v2\/types\/product"}],"replies":[{"embeddable":true,"href":"https:\/\/irankiuzona.lt\/ru\/wp-json\/wp\/v2\/comments?post=263153"}],"version-history":[{"count":1,"href":"https:\/\/irankiuzona.lt\/ru\/wp-json\/wp\/v2\/product\/263153\/revisions"}],"predecessor-version":[{"id":422843,"href":"https:\/\/irankiuzona.lt\/ru\/wp-json\/wp\/v2\/product\/263153\/revisions\/422843"}],"wp:featuredmedia":[{"embeddable":true,"href":"https:\/\/irankiuzona.lt\/ru\/wp-json\/wp\/v2\/media\/263155"}],"wp:attachment":[{"href":"https:\/\/irankiuzona.lt\/ru\/wp-json\/wp\/v2\/media?parent=263153"}],"wp:term":[{"taxonomy":"product_cat","embeddable":true,"href":"https:\/\/irankiuzona.lt\/ru\/wp-json\/wp\/v2\/product_cat?post=263153"},{"taxonomy":"product_tag","embeddable":true,"href":"https:\/\/irankiuzona.lt\/ru\/wp-json\/wp\/v2\/product_tag?post=263153"}],"curies":[{"name":"wp","href":"https:\/\/api.w.org\/{rel}","templated":true}]}}