{"id":263179,"date":"2024-09-29T13:11:01","date_gmt":"2024-09-29T13:11:01","guid":{"rendered":"https:\/\/irankiuzona.lt\/product\/profesionalus-dulkiu-siurblys-karcher-nt-70-3-me-tc\/"},"modified":"2025-10-30T14:40:39","modified_gmt":"2025-10-30T14:40:39","slug":"profesionalus-dulkiu-siurblys-karcher-nt-70-3-me-tc","status":"publish","type":"product","link":"https:\/\/irankiuzona.lt\/ru\/product\/profesionalus-dulkiu-siurblys-karcher-nt-70-3-me-tc\/","title":{"rendered":"Profesionalus dulki\u0173 siurblys Karcher NT 70\/3 Me Tc"},"content":{"rendered":"<p>Integruota pried\u0173 saugyklaDidelis buferis su pried\u0173 saugykla.<br \/>\nErgonomi\u0161ka st\u016bmimo rankenaNT 70 turi ergonomi\u0161k\u0105 st\u016bmimo ranken\u0105, kad ma\u0161in\u0105 b\u016bt\u0173 galima stumti kartu.<br \/>\nPakreipiama va\u017eiuokl\u0117Greita ir paprasta: konteineris pakreipiamas atgal, kad b\u016bt\u0173 lengva i\u0161tu\u0161tinti.<br \/>\nTechniniai duomenys:<br \/>\nSrov\u0117s tipas (Ph\/V\/ Hz ) 1\/220\u2013240\/50\u201360Oro srautas (l\/s) 3x74Vakuumas (mbar\/kPa) 254 \/ 25,4Sud\u0117tinio rodinio turinys (l) 70Konteinerio med\u017eiaga Ner\u016bdijantis plienasNominali \u012fvesties galia (W) 3600Standartinis vardinis skersmuo ID 40Kabelio ilgis (m) 10Garso sl\u0117gio lygis (dB(A)) 79Svoris be pried\u0173 (kg) 29,9Svoris su pakuot\u0117 (kg) 35,8Matmenys (I \u00d7 P \u00d7 A) (mm) 510 x 645 x 990 Komplekte:<br \/>\nSiurbimo \u017earna, 4 m, su lenkimuSiurbimo vamzdis, 2 vnt., 0,5 m, MetalinisAntgalis \u0161lapioms\/sausoms grindims, 400 mmPly\u0161io antgalisI\u0161leidimo \u017earnaNer\u016bdijan\u010dio plieno konteinerisPakreipiama va\u017eiuokl\u0117Kasetinis filtras, PopieriusSt\u016bmimo rankenaApsaugos klas\u0117, IISustabdykite besisukant\u012f ratuk\u0105<br \/>\nKARCHER &#8211; did\u017eiausi pasaulyje valymo \u012frengini\u0173 gamintojai. Profesionalams skirt\u0173 valymo \u012frengini\u0173, pried\u0173 ir valymo priemoni\u0173 asortimentas yra sukurtas taip, kad patenkint\u0173 klient\u0173 poreikius. Nepriklausomai nuo verslo tipo ar vietos, naudojant K\u00e4rcher produktus pasiekiami puik\u016bs valymo rezultatai, sutaupomas laikas ir i\u0161tekliai. Be to, \u0161i\u0173 produkt\u0173 naudojimas yra intuityvus: tod\u0117l galima koncentruotis \u012f svarbiausius verslo reikalus.<\/p>","protected":false},"excerpt":{"rendered":"<p>Profesionalus dulki\u0173 siurblys Karcher NT 70\/3 Me Tc<\/p>","protected":false},"featured_media":263181,"comment_status":"open","ping_status":"open","template":"","meta":[],"product_cat":[9955],"product_tag":[],"class_list":{"0":"post-263179","1":"product","2":"type-product","3":"status-publish","4":"has-post-thumbnail","6":"product_cat-dulkiu-siurbliai","8":"first","9":"outofstock","10":"purchasable","11":"product-type-simple"},"jetpack_sharing_enabled":true,"_links":{"self":[{"href":"https:\/\/irankiuzona.lt\/ru\/wp-json\/wp\/v2\/product\/263179","targetHints":{"allow":["GET"]}}],"collection":[{"href":"https:\/\/irankiuzona.lt\/ru\/wp-json\/wp\/v2\/product"}],"about":[{"href":"https:\/\/irankiuzona.lt\/ru\/wp-json\/wp\/v2\/types\/product"}],"replies":[{"embeddable":true,"href":"https:\/\/irankiuzona.lt\/ru\/wp-json\/wp\/v2\/comments?post=263179"}],"version-history":[{"count":1,"href":"https:\/\/irankiuzona.lt\/ru\/wp-json\/wp\/v2\/product\/263179\/revisions"}],"predecessor-version":[{"id":422851,"href":"https:\/\/irankiuzona.lt\/ru\/wp-json\/wp\/v2\/product\/263179\/revisions\/422851"}],"wp:featuredmedia":[{"embeddable":true,"href":"https:\/\/irankiuzona.lt\/ru\/wp-json\/wp\/v2\/media\/263181"}],"wp:attachment":[{"href":"https:\/\/irankiuzona.lt\/ru\/wp-json\/wp\/v2\/media?parent=263179"}],"wp:term":[{"taxonomy":"product_cat","embeddable":true,"href":"https:\/\/irankiuzona.lt\/ru\/wp-json\/wp\/v2\/product_cat?post=263179"},{"taxonomy":"product_tag","embeddable":true,"href":"https:\/\/irankiuzona.lt\/ru\/wp-json\/wp\/v2\/product_tag?post=263179"}],"curies":[{"name":"wp","href":"https:\/\/api.w.org\/{rel}","templated":true}]}}