{"id":263331,"date":"2024-09-29T13:20:18","date_gmt":"2024-09-29T13:20:18","guid":{"rendered":"https:\/\/irankiuzona.lt\/product\/stiklo-reztukas-zymeklis\/"},"modified":"2026-05-15T22:04:11","modified_gmt":"2026-05-15T22:04:11","slug":"stiklo-reztukas-zymeklis","status":"publish","type":"product","link":"https:\/\/irankiuzona.lt\/ru\/product\/stiklo-reztukas-zymeklis\/","title":{"rendered":"Stiklo r\u0117\u017etukas \u017eymeklis"},"content":{"rendered":"<p>. ilgis: 145 mm;<br \/>\n. a\u0161menys: TCT;<br \/>\n. antgalis pagamintas i\u0161 volframo karbido;<br \/>\n. pritaikymas: metalas, keramika, stiklas.<\/p>","protected":false},"excerpt":{"rendered":"<p>Stiklo r\u0117\u017etukas \u017eymeklis<\/p>","protected":false},"featured_media":263333,"comment_status":"open","ping_status":"open","template":"","meta":[],"product_cat":[9455],"product_tag":[9969],"class_list":{"0":"post-263331","1":"product","2":"type-product","3":"status-publish","4":"has-post-thumbnail","6":"product_brand-hogert-technik-vokietija","7":"product_cat-irankiai-plytelems-stiklui-laminatui","8":"product_tag-hogert-technik-vokietija","10":"first","11":"instock","12":"purchasable","13":"product-type-simple"},"jetpack_sharing_enabled":true,"_links":{"self":[{"href":"https:\/\/irankiuzona.lt\/ru\/wp-json\/wp\/v2\/product\/263331","targetHints":{"allow":["GET"]}}],"collection":[{"href":"https:\/\/irankiuzona.lt\/ru\/wp-json\/wp\/v2\/product"}],"about":[{"href":"https:\/\/irankiuzona.lt\/ru\/wp-json\/wp\/v2\/types\/product"}],"replies":[{"embeddable":true,"href":"https:\/\/irankiuzona.lt\/ru\/wp-json\/wp\/v2\/comments?post=263331"}],"version-history":[{"count":1,"href":"https:\/\/irankiuzona.lt\/ru\/wp-json\/wp\/v2\/product\/263331\/revisions"}],"predecessor-version":[{"id":422900,"href":"https:\/\/irankiuzona.lt\/ru\/wp-json\/wp\/v2\/product\/263331\/revisions\/422900"}],"wp:featuredmedia":[{"embeddable":true,"href":"https:\/\/irankiuzona.lt\/ru\/wp-json\/wp\/v2\/media\/263333"}],"wp:attachment":[{"href":"https:\/\/irankiuzona.lt\/ru\/wp-json\/wp\/v2\/media?parent=263331"}],"wp:term":[{"taxonomy":"product_cat","embeddable":true,"href":"https:\/\/irankiuzona.lt\/ru\/wp-json\/wp\/v2\/product_cat?post=263331"},{"taxonomy":"product_tag","embeddable":true,"href":"https:\/\/irankiuzona.lt\/ru\/wp-json\/wp\/v2\/product_tag?post=263331"}],"curies":[{"name":"wp","href":"https:\/\/api.w.org\/{rel}","templated":true}]}}