{"id":263352,"date":"2024-09-29T13:20:20","date_gmt":"2024-09-29T13:20:20","guid":{"rendered":"https:\/\/irankiuzona.lt\/product\/irankiu-vezimelis-2-stalciu-su-virsutine-talpa\/"},"modified":"2026-04-06T17:21:07","modified_gmt":"2026-04-06T17:21:07","slug":"irankiu-vezimelis-2-stalciu-su-virsutine-talpa","status":"publish","type":"product","link":"https:\/\/irankiuzona.lt\/ru\/product\/irankiu-vezimelis-2-stalciu-su-virsutine-talpa\/","title":{"rendered":"\u012eranki\u0173 ve\u017eim\u0117lis 2 stal\u010di\u0173 su vir\u0161utine talpa"},"content":{"rendered":"<p>Gabaritiniai matmenys 705 x 370 x 830 mmStal\u010di\u0173 matmenys 705 x 370 x 50 mm (2 vnt)Atidaromas vir\u0161us su u\u017eraktu 705 x 370 x 120 mm (1vnt)Svoris 26.7 kgSpalva gali skirtis.\u00a0\u012erankiai pavaizduoti nuotraukoje kartu nekomplektuojami.<\/p>","protected":false},"excerpt":{"rendered":"<p>\u012eranki\u0173 ve\u017eim\u0117lis su ratukais ir 2 stal\u010diais + talpa vir\u0161uje (\u012franki\u0173 lentynos ant ratuk\u0173)<\/p>","protected":false},"featured_media":263354,"comment_status":"open","ping_status":"open","template":"","meta":[],"product_cat":[10048],"product_tag":[9435],"class_list":{"0":"post-263352","1":"product","2":"type-product","3":"status-publish","4":"has-post-thumbnail","6":"product_brand-kinija","7":"product_cat-vezimeliai-su-ratukais-su-lentynomis","8":"product_tag-kinija","10":"first","11":"instock","12":"purchasable","13":"product-type-simple"},"jetpack_sharing_enabled":true,"_links":{"self":[{"href":"https:\/\/irankiuzona.lt\/ru\/wp-json\/wp\/v2\/product\/263352","targetHints":{"allow":["GET"]}}],"collection":[{"href":"https:\/\/irankiuzona.lt\/ru\/wp-json\/wp\/v2\/product"}],"about":[{"href":"https:\/\/irankiuzona.lt\/ru\/wp-json\/wp\/v2\/types\/product"}],"replies":[{"embeddable":true,"href":"https:\/\/irankiuzona.lt\/ru\/wp-json\/wp\/v2\/comments?post=263352"}],"version-history":[{"count":0,"href":"https:\/\/irankiuzona.lt\/ru\/wp-json\/wp\/v2\/product\/263352\/revisions"}],"wp:featuredmedia":[{"embeddable":true,"href":"https:\/\/irankiuzona.lt\/ru\/wp-json\/wp\/v2\/media\/263354"}],"wp:attachment":[{"href":"https:\/\/irankiuzona.lt\/ru\/wp-json\/wp\/v2\/media?parent=263352"}],"wp:term":[{"taxonomy":"product_cat","embeddable":true,"href":"https:\/\/irankiuzona.lt\/ru\/wp-json\/wp\/v2\/product_cat?post=263352"},{"taxonomy":"product_tag","embeddable":true,"href":"https:\/\/irankiuzona.lt\/ru\/wp-json\/wp\/v2\/product_tag?post=263352"}],"curies":[{"name":"wp","href":"https:\/\/api.w.org\/{rel}","templated":true}]}}