{"id":263364,"date":"2024-09-29T13:20:21","date_gmt":"2024-09-29T13:20:21","guid":{"rendered":"https:\/\/irankiuzona.lt\/product\/didele-irankiu-spintele-pastatoma-6-stalciu-su-virsumi\/"},"modified":"2026-04-07T14:40:17","modified_gmt":"2026-04-07T14:40:17","slug":"didele-irankiu-spintele-pastatoma-6-stalciu-su-virsumi","status":"publish","type":"product","link":"https:\/\/irankiuzona.lt\/ru\/product\/didele-irankiu-spintele-pastatoma-6-stalciu-su-virsumi\/","title":{"rendered":"Didel\u0117 \u012franki\u0173 spintel\u0117 pastatoma 6 stal\u010di\u0173 su vir\u0161umi"},"content":{"rendered":"<p>Tinka kaip priedas, montuoti ant ve\u017eim\u0117lio\u00a0CH5210X\u00a0vir\u0161aus (paskutin\u0117 foto).<br \/>\nMatmenys 1067 x 458 x 933 mm6 stal\u010di\u0173:3 stal\u010diai 570 x 406 x 74.5 mm (atlaiko iki 20 kg apkrov\u0105)3 stal\u010diai 313 x 406 x 74.5 mm (atlaiko iki 15 kg apkrov\u0105)Leistina apkrova iki 100 kgStal\u010di\u0173 b\u0117geliai su guoliais!Svoris 90 kgPakuot\u0117s matmenys 1130 x 515 x 740 mmPrek\u0117s spalva gali skirtis nuo pavaizduotos nuotraukoje<\/p>","protected":false},"excerpt":{"rendered":"<p>\u012eranki\u0173 spinta pastatoma 6 stal\u010di\u0173 su vir\u0161utine talpa (d\u0117tuve daiktams). Gali b\u016bti priedas CH5210X ve\u017eim\u0117liui, montuojant \u0161i\u0105 spintel\u0119 ant vir\u0161aus.<\/p>","protected":false},"featured_media":263366,"comment_status":"open","ping_status":"open","template":"","meta":[],"product_cat":[9943],"product_tag":[9435],"class_list":{"0":"post-263364","1":"product","2":"type-product","3":"status-publish","4":"has-post-thumbnail","6":"product_brand-kinija","7":"product_cat-vezimeliai-irankiu-spintos","8":"product_tag-kinija","10":"first","11":"outofstock","12":"purchasable","13":"product-type-simple"},"jetpack_sharing_enabled":true,"_links":{"self":[{"href":"https:\/\/irankiuzona.lt\/ru\/wp-json\/wp\/v2\/product\/263364","targetHints":{"allow":["GET"]}}],"collection":[{"href":"https:\/\/irankiuzona.lt\/ru\/wp-json\/wp\/v2\/product"}],"about":[{"href":"https:\/\/irankiuzona.lt\/ru\/wp-json\/wp\/v2\/types\/product"}],"replies":[{"embeddable":true,"href":"https:\/\/irankiuzona.lt\/ru\/wp-json\/wp\/v2\/comments?post=263364"}],"version-history":[{"count":0,"href":"https:\/\/irankiuzona.lt\/ru\/wp-json\/wp\/v2\/product\/263364\/revisions"}],"wp:featuredmedia":[{"embeddable":true,"href":"https:\/\/irankiuzona.lt\/ru\/wp-json\/wp\/v2\/media\/263366"}],"wp:attachment":[{"href":"https:\/\/irankiuzona.lt\/ru\/wp-json\/wp\/v2\/media?parent=263364"}],"wp:term":[{"taxonomy":"product_cat","embeddable":true,"href":"https:\/\/irankiuzona.lt\/ru\/wp-json\/wp\/v2\/product_cat?post=263364"},{"taxonomy":"product_tag","embeddable":true,"href":"https:\/\/irankiuzona.lt\/ru\/wp-json\/wp\/v2\/product_tag?post=263364"}],"curies":[{"name":"wp","href":"https:\/\/api.w.org\/{rel}","templated":true}]}}