{"id":263397,"date":"2024-09-29T13:20:24","date_gmt":"2024-09-29T13:20:24","guid":{"rendered":"https:\/\/irankiuzona.lt\/product\/kaltas-metalui-lenktas-15\/"},"modified":"2026-05-15T22:04:14","modified_gmt":"2026-05-15T22:04:14","slug":"kaltas-metalui-lenktas-15","status":"publish","type":"product","link":"https:\/\/irankiuzona.lt\/ru\/product\/kaltas-metalui-lenktas-15\/","title":{"rendered":"Kaltas metalui lenktas 15\u00b0"},"content":{"rendered":"<p>pjaustyti ta\u0161kines si\u016bles, k\u0117bulo plok\u0161tes ir kt.<\/p>","protected":false},"excerpt":{"rendered":"<p>Kaltas metalui lenktas 15\u00b0<\/p>","protected":false},"featured_media":263399,"comment_status":"open","ping_status":"open","template":"","meta":[],"product_cat":[10030],"product_tag":[9462],"class_list":{"0":"post-263397","1":"product","2":"type-product","3":"status-publish","4":"has-post-thumbnail","6":"product_brand-condor-werkzeug-vokietija","7":"product_cat-kaltai-apdailai","8":"product_tag-condor-werkzeug-vokietija","10":"first","11":"instock","12":"purchasable","13":"product-type-simple"},"jetpack_sharing_enabled":true,"_links":{"self":[{"href":"https:\/\/irankiuzona.lt\/ru\/wp-json\/wp\/v2\/product\/263397","targetHints":{"allow":["GET"]}}],"collection":[{"href":"https:\/\/irankiuzona.lt\/ru\/wp-json\/wp\/v2\/product"}],"about":[{"href":"https:\/\/irankiuzona.lt\/ru\/wp-json\/wp\/v2\/types\/product"}],"replies":[{"embeddable":true,"href":"https:\/\/irankiuzona.lt\/ru\/wp-json\/wp\/v2\/comments?post=263397"}],"version-history":[{"count":1,"href":"https:\/\/irankiuzona.lt\/ru\/wp-json\/wp\/v2\/product\/263397\/revisions"}],"predecessor-version":[{"id":422920,"href":"https:\/\/irankiuzona.lt\/ru\/wp-json\/wp\/v2\/product\/263397\/revisions\/422920"}],"wp:featuredmedia":[{"embeddable":true,"href":"https:\/\/irankiuzona.lt\/ru\/wp-json\/wp\/v2\/media\/263399"}],"wp:attachment":[{"href":"https:\/\/irankiuzona.lt\/ru\/wp-json\/wp\/v2\/media?parent=263397"}],"wp:term":[{"taxonomy":"product_cat","embeddable":true,"href":"https:\/\/irankiuzona.lt\/ru\/wp-json\/wp\/v2\/product_cat?post=263397"},{"taxonomy":"product_tag","embeddable":true,"href":"https:\/\/irankiuzona.lt\/ru\/wp-json\/wp\/v2\/product_tag?post=263397"}],"curies":[{"name":"wp","href":"https:\/\/api.w.org\/{rel}","templated":true}]}}