{"id":263442,"date":"2024-09-29T13:20:28","date_gmt":"2024-09-29T13:20:28","guid":{"rendered":"https:\/\/irankiuzona.lt\/product\/terksliniai-uzdari-raktai-24-32mm-4vnt\/"},"modified":"2026-04-12T15:35:01","modified_gmt":"2026-04-12T15:35:01","slug":"terksliniai-uzdari-raktai-24-32mm-4vnt","status":"publish","type":"product","link":"https:\/\/irankiuzona.lt\/ru\/product\/terksliniai-uzdari-raktai-24-32mm-4vnt\/","title":{"rendered":"Terk\u0161liniai u\u017edari raktai 24-32mm 4vnt."},"content":{"rendered":"<p>Dyd\u017eiai: 24, 27, 30, 32 mm<\/p>","protected":false},"excerpt":{"rendered":"<p>Terk\u0161liniai u\u017edari raktai 24-32mm 4vnt.<\/p>","protected":false},"featured_media":263444,"comment_status":"open","ping_status":"open","template":"","meta":[],"product_cat":[9610],"product_tag":[9462],"class_list":{"0":"post-263442","1":"product","2":"type-product","3":"status-publish","4":"has-post-thumbnail","6":"product_brand-condor-werkzeug-vokietija","7":"product_cat-terksliniu-raktu-komplektai","8":"product_tag-condor-werkzeug-vokietija","10":"first","11":"instock","12":"purchasable","13":"product-type-simple"},"jetpack_sharing_enabled":true,"_links":{"self":[{"href":"https:\/\/irankiuzona.lt\/ru\/wp-json\/wp\/v2\/product\/263442","targetHints":{"allow":["GET"]}}],"collection":[{"href":"https:\/\/irankiuzona.lt\/ru\/wp-json\/wp\/v2\/product"}],"about":[{"href":"https:\/\/irankiuzona.lt\/ru\/wp-json\/wp\/v2\/types\/product"}],"replies":[{"embeddable":true,"href":"https:\/\/irankiuzona.lt\/ru\/wp-json\/wp\/v2\/comments?post=263442"}],"version-history":[{"count":1,"href":"https:\/\/irankiuzona.lt\/ru\/wp-json\/wp\/v2\/product\/263442\/revisions"}],"predecessor-version":[{"id":422935,"href":"https:\/\/irankiuzona.lt\/ru\/wp-json\/wp\/v2\/product\/263442\/revisions\/422935"}],"wp:featuredmedia":[{"embeddable":true,"href":"https:\/\/irankiuzona.lt\/ru\/wp-json\/wp\/v2\/media\/263444"}],"wp:attachment":[{"href":"https:\/\/irankiuzona.lt\/ru\/wp-json\/wp\/v2\/media?parent=263442"}],"wp:term":[{"taxonomy":"product_cat","embeddable":true,"href":"https:\/\/irankiuzona.lt\/ru\/wp-json\/wp\/v2\/product_cat?post=263442"},{"taxonomy":"product_tag","embeddable":true,"href":"https:\/\/irankiuzona.lt\/ru\/wp-json\/wp\/v2\/product_tag?post=263442"}],"curies":[{"name":"wp","href":"https:\/\/api.w.org\/{rel}","templated":true}]}}