{"id":263460,"date":"2024-09-29T13:20:30","date_gmt":"2024-09-29T13:20:30","guid":{"rendered":"https:\/\/irankiuzona.lt\/product\/dyzelio-kuro-filtro-raktas-1-2-ford-22l-tdci\/"},"modified":"2026-05-14T08:29:07","modified_gmt":"2026-05-14T08:29:07","slug":"dyzelio-kuro-filtro-raktas-1-2-ford-22l-tdci","status":"publish","type":"product","link":"https:\/\/irankiuzona.lt\/ru\/product\/dyzelio-kuro-filtro-raktas-1-2-ford-22l-tdci\/","title":{"rendered":"Dyzelio kuro filtro raktas 1\/2 Ford 2,2L TDCi"},"content":{"rendered":"<p>\u201eFord Transit\u201c su 2,2 l TDCi varikliukuro filtro dangtelio atlaisvinimui ir priver\u017eimui be pa\u017eeidim\u0173i\u0161vengiama kuro filtro korpuso ir tvirtinimo \u017eiedo pa\u017eeidimoreikalingas kuro filtro \u012fd\u0117klui pakeistitinka priver\u017eti dinamometriniu raktu<\/p>","protected":false},"excerpt":{"rendered":"<p>Dyzelio kuro filtro raktas 1\/2 Ford 2,2L TDCi<\/p>","protected":false},"featured_media":263462,"comment_status":"open","ping_status":"open","template":"","meta":[],"product_cat":[9614],"product_tag":[9462],"class_list":{"0":"post-263460","1":"product","2":"type-product","3":"status-publish","4":"has-post-thumbnail","6":"product_brand-condor-werkzeug-vokietija","7":"product_cat-irankiai-kuro-bakui-kuro-filtrui","8":"product_tag-condor-werkzeug-vokietija","10":"first","11":"instock","12":"purchasable","13":"product-type-simple"},"jetpack_sharing_enabled":true,"_links":{"self":[{"href":"https:\/\/irankiuzona.lt\/ru\/wp-json\/wp\/v2\/product\/263460","targetHints":{"allow":["GET"]}}],"collection":[{"href":"https:\/\/irankiuzona.lt\/ru\/wp-json\/wp\/v2\/product"}],"about":[{"href":"https:\/\/irankiuzona.lt\/ru\/wp-json\/wp\/v2\/types\/product"}],"replies":[{"embeddable":true,"href":"https:\/\/irankiuzona.lt\/ru\/wp-json\/wp\/v2\/comments?post=263460"}],"version-history":[{"count":1,"href":"https:\/\/irankiuzona.lt\/ru\/wp-json\/wp\/v2\/product\/263460\/revisions"}],"predecessor-version":[{"id":422941,"href":"https:\/\/irankiuzona.lt\/ru\/wp-json\/wp\/v2\/product\/263460\/revisions\/422941"}],"wp:featuredmedia":[{"embeddable":true,"href":"https:\/\/irankiuzona.lt\/ru\/wp-json\/wp\/v2\/media\/263462"}],"wp:attachment":[{"href":"https:\/\/irankiuzona.lt\/ru\/wp-json\/wp\/v2\/media?parent=263460"}],"wp:term":[{"taxonomy":"product_cat","embeddable":true,"href":"https:\/\/irankiuzona.lt\/ru\/wp-json\/wp\/v2\/product_cat?post=263460"},{"taxonomy":"product_tag","embeddable":true,"href":"https:\/\/irankiuzona.lt\/ru\/wp-json\/wp\/v2\/product_tag?post=263460"}],"curies":[{"name":"wp","href":"https:\/\/api.w.org\/{rel}","templated":true}]}}