{"id":263484,"date":"2024-09-29T13:20:33","date_gmt":"2024-09-29T13:20:33","guid":{"rendered":"https:\/\/irankiuzona.lt\/product\/smugine-galvute-ratams-su-apsauga-19mm-85mm-ilgio\/"},"modified":"2026-04-14T17:43:00","modified_gmt":"2026-04-14T17:43:00","slug":"smugine-galvute-ratams-su-apsauga-19mm-85mm-ilgio","status":"publish","type":"product","link":"https:\/\/irankiuzona.lt\/ru\/product\/smugine-galvute-ratams-su-apsauga-19mm-85mm-ilgio\/","title":{"rendered":"Sm\u016bgin\u0117 galvut\u0117 ratams su apsauga 19mm, 85mm ilgio"},"content":{"rendered":"<p>Sm\u016bgin\u0117 galvut\u0117 ratams su apsauga 19mm, 85mm ilgio<\/p>","protected":false},"excerpt":{"rendered":"<p>Sm\u016bgin\u0117 galvut\u0117 ratams su apsauga 19mm, 85mm ilgio<\/p>","protected":false},"featured_media":263486,"comment_status":"open","ping_status":"open","template":"","meta":[],"product_cat":[9492],"product_tag":[9462],"class_list":{"0":"post-263484","1":"product","2":"type-product","3":"status-publish","4":"has-post-thumbnail","6":"product_brand-condor-werkzeug-vokietija","7":"product_cat-ratu-varztams-galvutes-raktai-sepeciai","8":"product_tag-condor-werkzeug-vokietija","10":"first","11":"instock","12":"purchasable","13":"product-type-simple"},"jetpack_sharing_enabled":true,"_links":{"self":[{"href":"https:\/\/irankiuzona.lt\/ru\/wp-json\/wp\/v2\/product\/263484","targetHints":{"allow":["GET"]}}],"collection":[{"href":"https:\/\/irankiuzona.lt\/ru\/wp-json\/wp\/v2\/product"}],"about":[{"href":"https:\/\/irankiuzona.lt\/ru\/wp-json\/wp\/v2\/types\/product"}],"replies":[{"embeddable":true,"href":"https:\/\/irankiuzona.lt\/ru\/wp-json\/wp\/v2\/comments?post=263484"}],"version-history":[{"count":1,"href":"https:\/\/irankiuzona.lt\/ru\/wp-json\/wp\/v2\/product\/263484\/revisions"}],"predecessor-version":[{"id":422949,"href":"https:\/\/irankiuzona.lt\/ru\/wp-json\/wp\/v2\/product\/263484\/revisions\/422949"}],"wp:featuredmedia":[{"embeddable":true,"href":"https:\/\/irankiuzona.lt\/ru\/wp-json\/wp\/v2\/media\/263486"}],"wp:attachment":[{"href":"https:\/\/irankiuzona.lt\/ru\/wp-json\/wp\/v2\/media?parent=263484"}],"wp:term":[{"taxonomy":"product_cat","embeddable":true,"href":"https:\/\/irankiuzona.lt\/ru\/wp-json\/wp\/v2\/product_cat?post=263484"},{"taxonomy":"product_tag","embeddable":true,"href":"https:\/\/irankiuzona.lt\/ru\/wp-json\/wp\/v2\/product_tag?post=263484"}],"curies":[{"name":"wp","href":"https:\/\/api.w.org\/{rel}","templated":true}]}}